{"id":2153,"date":"2023-01-16T13:21:31","date_gmt":"2023-01-16T13:21:31","guid":{"rendered":"http:\/\/staging_wp.staging-wp.xometry.com.tr\/direct-metal-laser-sintering\/"},"modified":"2026-03-16T11:35:16","modified_gmt":"2026-03-16T11:35:16","slug":"3d-baski-dmls","status":"publish","type":"page","link":"https:\/\/staging-wp.xometry.com.tr\/tr\/3d-baski-dmls\/","title":{"rendered":"Direct Metal Laser Sintering (DMLS)"},"content":{"rendered":"","protected":false},"excerpt":{"rendered":"","protected":false},"author":11,"featured_media":0,"parent":0,"menu_order":0,"comment_status":"closed","ping_status":"closed","template":"","meta":{"_acf_changed":false,"inline_featured_image":false,"footnotes":""},"class_list":["post-2153","page","type-page","status-publish","hentry"],"acf":[],"yoast_head":"<!-- This site is optimized with the Yoast SEO Premium plugin v20.5 (Yoast SEO v27.3) - https:\/\/yoast.com\/product\/yoast-seo-premium-wordpress\/ -->\n<title>Online Metal 3D Bask\u0131 Hizmeti (DMLS) | Xometry T\u00fcrkiye<\/title>\n<meta name=\"description\" content=\"DMLS Metal 3D bask\u0131 hizmetleri: h\u0131zl\u0131 prototipleme ve metal son kullan\u0131m par\u00e7a ihtiya\u00e7lar\u0131n\u0131z i\u00e7in anl\u0131k fiyat al\u0131n, hemen \u00fcretime ba\u015flay\u0131n!\" \/>\n<meta name=\"robots\" content=\"noindex, follow, max-snippet:-1, max-image-preview:large, max-video-preview:-1\" \/>\n<meta property=\"og:locale\" content=\"tr_TR\" \/>\n<meta property=\"og:type\" content=\"article\" \/>\n<meta property=\"og:title\" content=\"Online Metal 3D Bask\u0131 Hizmeti (DMLS) | Xometry T\u00fcrkiye\" \/>\n<meta property=\"og:description\" content=\"Xometry metal 3D bask\u0131 hizmetleri: h\u0131zl\u0131 prototipleme ve nihai par\u00e7a talepleriniz i\u00e7in DMLS ile anl\u0131k fiyat al\u0131n, prototiplerinizi h\u0131zla \u00fcretin! | Talebe \u00d6zel \u00dcretim Platformu\" \/>\n<meta property=\"og:url\" content=\"https:\/\/staging-wp.xometry.com.tr\/tr\/3d-baski-dmls\/\" \/>\n<meta property=\"og:site_name\" content=\"Xometry T\u00fcrkiye\" \/>\n<meta property=\"article:modified_time\" content=\"2026-03-16T11:35:16+00:00\" \/>\n<meta property=\"og:image\" content=\"https:\/\/staging-wp.xometry.com.tr\/wp-content\/uploads\/sites\/3\/2023\/09\/TR-DMLS-service-page.jpg\" \/>\n\t<meta property=\"og:image:width\" content=\"2400\" \/>\n\t<meta property=\"og:image:height\" content=\"1230\" \/>\n\t<meta property=\"og:image:type\" content=\"image\/jpeg\" \/>\n<meta name=\"twitter:card\" content=\"summary_large_image\" \/>\n<meta name=\"twitter:title\" content=\"Online Metal 3D Bask\u0131 Hizmeti (DMLS) | Xometry T\u00fcrkiye\" \/>\n<meta name=\"twitter:description\" content=\"Xometry metal 3D bask\u0131 hizmetleri: h\u0131zl\u0131 prototipleme ve metal son kullan\u0131m par\u00e7a ihtiya\u00e7lar\u0131n\u0131z i\u00e7in DMLS ile anl\u0131k fiyat al\u0131n, prototiplerinizi h\u0131zla \u00fcretin! | Talebe \u00d6zel \u00dcretim Platformu\" \/>\n<meta name=\"twitter:image\" content=\"https:\/\/staging-wp.xometry.com.tr\/wp-content\/uploads\/sites\/3\/2023\/09\/TR-DMLS-service-page.jpg\" \/>\n<script type=\"application\/ld+json\" class=\"yoast-schema-graph\">{\"@context\":\"https:\\\/\\\/schema.org\",\"@graph\":[{\"@type\":\"WebPage\",\"@id\":\"https:\\\/\\\/staging-wp.xometry.com.tr\\\/tr\\\/3d-baski-dmls\\\/\",\"url\":\"https:\\\/\\\/staging-wp.xometry.com.tr\\\/tr\\\/3d-baski-dmls\\\/\",\"name\":\"Online Metal 3D Bask\u0131 Hizmeti (DMLS) | Xometry T\u00fcrkiye\",\"isPartOf\":{\"@id\":\"https:\\\/\\\/staging-wp.xometry.com.tr\\\/tr\\\/#website\"},\"datePublished\":\"2023-01-16T13:21:31+00:00\",\"dateModified\":\"2026-03-16T11:35:16+00:00\",\"description\":\"DMLS Metal 3D bask\u0131 hizmetleri: h\u0131zl\u0131 prototipleme ve metal son kullan\u0131m par\u00e7a ihtiya\u00e7lar\u0131n\u0131z i\u00e7in anl\u0131k fiyat al\u0131n, hemen \u00fcretime ba\u015flay\u0131n!\",\"breadcrumb\":{\"@id\":\"https:\\\/\\\/staging-wp.xometry.com.tr\\\/tr\\\/3d-baski-dmls\\\/#breadcrumb\"},\"inLanguage\":\"tr\",\"potentialAction\":[{\"@type\":\"ReadAction\",\"target\":[\"https:\\\/\\\/staging-wp.xometry.com.tr\\\/tr\\\/3d-baski-dmls\\\/\"]}]},{\"@type\":\"BreadcrumbList\",\"@id\":\"https:\\\/\\\/staging-wp.xometry.com.tr\\\/tr\\\/3d-baski-dmls\\\/#breadcrumb\",\"itemListElement\":[{\"@type\":\"ListItem\",\"position\":1,\"name\":\"Home\",\"item\":\"https:\\\/\\\/staging-wp.xometry.com.tr\\\/tr\\\/\"},{\"@type\":\"ListItem\",\"position\":2,\"name\":\"Direct Metal Laser Sintering (DMLS)\"}]},{\"@type\":\"WebSite\",\"@id\":\"https:\\\/\\\/staging-wp.xometry.com.tr\\\/tr\\\/#website\",\"url\":\"https:\\\/\\\/staging-wp.xometry.com.tr\\\/tr\\\/\",\"name\":\"Xometry T\u00fcrkiye\",\"description\":\"\",\"potentialAction\":[{\"@type\":\"SearchAction\",\"target\":{\"@type\":\"EntryPoint\",\"urlTemplate\":\"https:\\\/\\\/staging-wp.xometry.com.tr\\\/tr\\\/?s={search_term_string}\"},\"query-input\":{\"@type\":\"PropertyValueSpecification\",\"valueRequired\":true,\"valueName\":\"search_term_string\"}}],\"inLanguage\":\"tr\"}]}<\/script>\n<!-- \/ Yoast SEO Premium plugin. -->","yoast_head_json":{"title":"Online Metal 3D Bask\u0131 Hizmeti (DMLS) | Xometry T\u00fcrkiye","description":"DMLS Metal 3D bask\u0131 hizmetleri: h\u0131zl\u0131 prototipleme ve metal son kullan\u0131m par\u00e7a ihtiya\u00e7lar\u0131n\u0131z i\u00e7in anl\u0131k fiyat al\u0131n, hemen \u00fcretime ba\u015flay\u0131n!","robots":{"index":"noindex","follow":"follow","max-snippet":"max-snippet:-1","max-image-preview":"max-image-preview:large","max-video-preview":"max-video-preview:-1"},"og_locale":"tr_TR","og_type":"article","og_title":"Online Metal 3D Bask\u0131 Hizmeti (DMLS) | Xometry T\u00fcrkiye","og_description":"Xometry metal 3D bask\u0131 hizmetleri: h\u0131zl\u0131 prototipleme ve nihai par\u00e7a talepleriniz i\u00e7in DMLS ile anl\u0131k fiyat al\u0131n, prototiplerinizi h\u0131zla \u00fcretin! | Talebe \u00d6zel \u00dcretim Platformu","og_url":"https:\/\/staging-wp.xometry.com.tr\/tr\/3d-baski-dmls\/","og_site_name":"Xometry T\u00fcrkiye","article_modified_time":"2026-03-16T11:35:16+00:00","og_image":[{"width":2400,"height":1230,"url":"https:\/\/staging-wp.xometry.com.tr\/wp-content\/uploads\/sites\/3\/2023\/09\/TR-DMLS-service-page.jpg","type":"image\/jpeg"}],"twitter_card":"summary_large_image","twitter_title":"Online Metal 3D Bask\u0131 Hizmeti (DMLS) | Xometry T\u00fcrkiye","twitter_description":"Xometry metal 3D bask\u0131 hizmetleri: h\u0131zl\u0131 prototipleme ve metal son kullan\u0131m par\u00e7a ihtiya\u00e7lar\u0131n\u0131z i\u00e7in DMLS ile anl\u0131k fiyat al\u0131n, prototiplerinizi h\u0131zla \u00fcretin! | Talebe \u00d6zel \u00dcretim Platformu","twitter_image":"https:\/\/staging-wp.xometry.com.tr\/wp-content\/uploads\/sites\/3\/2023\/09\/TR-DMLS-service-page.jpg","schema":{"@context":"https:\/\/schema.org","@graph":[{"@type":"WebPage","@id":"https:\/\/staging-wp.xometry.com.tr\/tr\/3d-baski-dmls\/","url":"https:\/\/staging-wp.xometry.com.tr\/tr\/3d-baski-dmls\/","name":"Online Metal 3D Bask\u0131 Hizmeti (DMLS) | Xometry T\u00fcrkiye","isPartOf":{"@id":"https:\/\/staging-wp.xometry.com.tr\/tr\/#website"},"datePublished":"2023-01-16T13:21:31+00:00","dateModified":"2026-03-16T11:35:16+00:00","description":"DMLS Metal 3D bask\u0131 hizmetleri: h\u0131zl\u0131 prototipleme ve metal son kullan\u0131m par\u00e7a ihtiya\u00e7lar\u0131n\u0131z i\u00e7in anl\u0131k fiyat al\u0131n, hemen \u00fcretime ba\u015flay\u0131n!","breadcrumb":{"@id":"https:\/\/staging-wp.xometry.com.tr\/tr\/3d-baski-dmls\/#breadcrumb"},"inLanguage":"tr","potentialAction":[{"@type":"ReadAction","target":["https:\/\/staging-wp.xometry.com.tr\/tr\/3d-baski-dmls\/"]}]},{"@type":"BreadcrumbList","@id":"https:\/\/staging-wp.xometry.com.tr\/tr\/3d-baski-dmls\/#breadcrumb","itemListElement":[{"@type":"ListItem","position":1,"name":"Home","item":"https:\/\/staging-wp.xometry.com.tr\/tr\/"},{"@type":"ListItem","position":2,"name":"Direct Metal Laser Sintering (DMLS)"}]},{"@type":"WebSite","@id":"https:\/\/staging-wp.xometry.com.tr\/tr\/#website","url":"https:\/\/staging-wp.xometry.com.tr\/tr\/","name":"Xometry T\u00fcrkiye","description":"","potentialAction":[{"@type":"SearchAction","target":{"@type":"EntryPoint","urlTemplate":"https:\/\/staging-wp.xometry.com.tr\/tr\/?s={search_term_string}"},"query-input":{"@type":"PropertyValueSpecification","valueRequired":true,"valueName":"search_term_string"}}],"inLanguage":"tr"}]}},"_links":{"self":[{"href":"https:\/\/staging-wp.xometry.com.tr\/tr\/wp-json\/wp\/v2\/pages\/2153","targetHints":{"allow":["GET"]}}],"collection":[{"href":"https:\/\/staging-wp.xometry.com.tr\/tr\/wp-json\/wp\/v2\/pages"}],"about":[{"href":"https:\/\/staging-wp.xometry.com.tr\/tr\/wp-json\/wp\/v2\/types\/page"}],"author":[{"embeddable":true,"href":"https:\/\/staging-wp.xometry.com.tr\/tr\/wp-json\/wp\/v2\/users\/11"}],"replies":[{"embeddable":true,"href":"https:\/\/staging-wp.xometry.com.tr\/tr\/wp-json\/wp\/v2\/comments?post=2153"}],"version-history":[{"count":9,"href":"https:\/\/staging-wp.xometry.com.tr\/tr\/wp-json\/wp\/v2\/pages\/2153\/revisions"}],"predecessor-version":[{"id":38623,"href":"https:\/\/staging-wp.xometry.com.tr\/tr\/wp-json\/wp\/v2\/pages\/2153\/revisions\/38623"}],"wp:attachment":[{"href":"https:\/\/staging-wp.xometry.com.tr\/tr\/wp-json\/wp\/v2\/media?parent=2153"}],"curies":[{"name":"wp","href":"https:\/\/api.w.org\/{rel}","templated":true}]}}