{"id":22113,"date":"2023-02-28T15:14:01","date_gmt":"2023-02-28T15:14:01","guid":{"rendered":"http:\/\/staging_wp.staging-wp.xometry.com.tr\/?page_id=22113"},"modified":"2024-01-16T06:06:52","modified_gmt":"2024-01-16T06:06:52","slug":"cerez","status":"publish","type":"page","link":"https:\/\/staging-wp.xometry.com.tr\/tr\/cerez\/","title":{"rendered":"\u00c7erez politikasi"},"content":{"rendered":"\n<div style=\"height:50px\" aria-hidden=\"true\" class=\"wp-block-spacer\"><\/div>\n\n\n\n<h1 class=\"wp-block-heading\">\u00c7erez politikasi<\/h1>\n\n\n\n<p>Xometry TR Teknoloji Anonim \u015eirketi (\u201cXometry T\u00fcrkiye\u201d) olarak, www.staging-wp.xometry.com.tr alan adl\u0131 internet sitemizin (\u201cXometry T\u00fcrkiye \u0130nternet Sitesi\u201d) kullan\u0131c\u0131lar\u0131n\u0131n, Xometry T\u00fcrkiye \u0130nternet Sitesinde sa\u011flad\u0131\u011f\u0131m\u0131z hizmetlerimizden g\u00fcvenli, huzurlu ve eksiksiz bir \u015fekilde faydalanmalar\u0131 i\u00e7in, kullan\u0131c\u0131lar\u0131n gizlili\u011finin sa\u011flanmas\u0131na ve ki\u015fisel verilerinin korunmas\u0131na b\u00fcy\u00fck \u00f6nem vermekteyiz. Bu do\u011frultuda, i\u015fbu \u00c7erez Politikam\u0131z, Xometry T\u00fcrkiye \u0130nternet Sitemizde yer alan ki\u015fisel verilerin korunmas\u0131 ve gizlilik politikam\u0131z ile bir b\u00fct\u00fcn halindedir. Bu nedenle, \u00c7erez Politikam\u0131z ile ki\u015fisel verilerin korunmas\u0131 ve gizlilik politikam\u0131z ile ilgili bildirilerimizi beraber incelemenizi tavsiye etmekteyiz.<\/p>\n\n\n\n<p>Xometry T\u00fcrkiye \u0130nternet Sitesi, kullan\u0131c\u0131lar\u0131na reklamlar g\u00f6stermek, site i\u00e7inde analitik faaliyetler ger\u00e7ekle\u015ftirmek, kullan\u0131c\u0131lar\u0131n\u0131n kullan\u0131m al\u0131\u015fkanl\u0131klar\u0131n\u0131 izlemek, \u00fcr\u00fcnlerini iyile\u015ftirebilmek i\u00e7in kullan\u0131c\u0131 davran\u0131\u015flar\u0131n\u0131 kavramak ve benzeri ama\u00e7larla, a\u015fa\u011f\u0131da tan\u0131mlanan \u00c7erezleri kullanmaktad\u0131r. Xometry T\u00fcrkiye \u0130nternet Sitesi kullan\u0131c\u0131lar\u0131, i\u015fbu \u00c7erez Politikas\u0131nda, Xometry T\u00fcrkiye \u0130nternet Sitesinde hangi \u00c7erezlerin kullan\u0131ld\u0131\u011f\u0131na ve bu konudaki tercihlerini nas\u0131l y\u00f6netebileceklerine ili\u015fkin bilgilere ula\u015fabilmektedir.<\/p>\n\n\n\n<h3 class=\"wp-block-heading\" id=\"h-cerez-nedir\"><strong>\u00c7EREZ NED\u0130R?<\/strong><\/h3>\n\n\n\n<p>\u00c7erezler (\u201ccookies\u201d olarak da ifade edilebilirler), ziyaret etti\u011finiz internet siteleri taraf\u0131ndan taray\u0131c\u0131lar arac\u0131l\u0131\u011f\u0131yla cihaz\u0131n\u0131za veya a\u011f sunucusuna depolanan k\u00fc\u00e7\u00fck metin dosyalar\u0131d\u0131r. \u00c7erezler, ziyaret etti\u011finiz internet sitesiyle ili\u015fkili sunucular taraf\u0131ndan olu\u015fturulurlar. B\u00f6ylelikle ziyaret etti\u011finiz bir internet sitesini tekrar ziyaret etti\u011finizde ilgili sunucu bunu anlayabilecektir. Ancak \u00e7erezler, ziyaret\u00e7ilere ili\u015fkin isim, cinsiyet, adres ve benzeri ki\u015fisel verileri i\u00e7ermez.<\/p>\n\n\n\n<p>\u00c7erezler konusunda daha detayl\u0131 bilgi i\u00e7in www.aboutcookies.org ve www.allaboutcookies.org adreslerini ziyaret edebilirisiniz.<\/p>\n\n\n\n<p>\u00c7erezleri ama\u00e7, ki\u015fi ve s\u00fcre a\u00e7\u0131s\u0131ndan \u00fc\u00e7 ba\u015fl\u0131kta kategorize edilebiliriz;<\/p>\n\n\n\n<ul class=\"wp-block-list\">\n<li>Kullan\u0131m amac\u0131 a\u00e7\u0131s\u0131ndan: teknik \u00e7erezler, do\u011frulama \u00e7erezleri, reklam \u00e7erezleri, ki\u015fiselle\u015ftirme \u00e7erezleri ve analitik \u00e7erezler,<\/li>\n\n\n\n<li>Yerle\u015ftiren ki\u015fi a\u00e7\u0131s\u0131ndan: internet sitesi \u00e7erezleri ve \u00fc\u00e7\u00fcnc\u00fc taraf \u00e7erezleri (internet sitesi \u00e7erezleri, Xometry T\u00fcrkiye taraf\u0131ndan olu\u015fturulurken, \u00fc\u00e7\u00fcnc\u00fc taraf \u00e7erezlerini Xometry T\u00fcrkiye ile i\u015f birli\u011fi i\u00e7inde olan firmalar taraf\u0131ndan olu\u015fturulmaktad\u0131r),<\/li>\n\n\n\n<li>S\u00fcreye a\u00e7\u0131s\u0131ndan: oturum \u00e7erezleri ve kal\u0131c\u0131 \u00e7erezler (oturum \u00e7erezleri kullan\u0131c\u0131n\u0131n Xometry T\u00fcrkiye \u0130nternet Sitesini terk etmesiyle birlikte silinirken, kal\u0131c\u0131 \u00e7erezler kullan\u0131m alan\u0131na ba\u011fl\u0131 olarak \u00e7e\u015fitli s\u00fcrelerle kullan\u0131c\u0131lar\u0131n cihazlar\u0131nda kalabilmektedir).<\/li>\n<\/ul>\n\n\n\n<h3 class=\"wp-block-heading\" id=\"h-neden-kullanilir\"><strong>NEDEN KULLANILIR?<\/strong><\/h3>\n\n\n\n<p>Xometry T\u00fcrkiye \u0130nternet Sitemizde \u00e7erezleri a\u015fa\u011f\u0131da yer alan ama\u00e7lar do\u011frultusunda kullanabilmekteyiz:<\/p>\n\n\n\n<ul class=\"wp-block-list\">\n<li>Xometry T\u00fcrkiye \u0130nternet Sitesinin etkili bir bi\u00e7imde \u00e7al\u0131\u015fmas\u0131 i\u00e7in gerekli temel fonksiyonlar\u0131 ger\u00e7ekle\u015ftirmek. \u00d6rne\u011fin, Xometry T\u00fcrkiye \u0130nternet Sitesi kullan\u0131c\u0131lar\u0131n\u0131n, sepetindeki \u00fcr\u00fcnlerin ziyaret s\u00fcresince kaybolmamas\u0131.<\/li>\n\n\n\n<li>Xometry T\u00fcrkiye \u0130nternet Sitesini analiz etmek ve Xometry T\u00fcrkiye \u0130nternet Sitesinin performans\u0131n\u0131 artt\u0131rmak. \u00d6rne\u011fin, Xometry T\u00fcrkiye \u0130nternet Sitesini ziyaret edenlerin say\u0131s\u0131n\u0131n tespit edilmesi ve buna g\u00f6re performans ayarlar\u0131n\u0131n yap\u0131lmas\u0131.<\/li>\n\n\n\n<li>Xometry T\u00fcrkiye \u0130nternet Sitesinin i\u015flevselli\u011fini artt\u0131rmak ve kullan\u0131m kolayl\u0131\u011f\u0131 sa\u011flamak. \u00d6rne\u011fin, Xometry T\u00fcrkiye \u0130nternet Sitesini ziyaret eden kullan\u0131c\u0131n\u0131n daha sonraki ziyaretinde kullan\u0131c\u0131 ad\u0131 vb. bilgisinin ya da arama sorgular\u0131n\u0131n hat\u0131rlanmas\u0131.<\/li>\n\n\n\n<li>Reklamc\u0131l\u0131k faaliyeti ger\u00e7ekle\u015ftirmek. \u00d6rne\u011fin, kullan\u0131c\u0131lar\u0131n g\u00f6r\u00fcnt\u00fcledikleri sayfa ve \u00fcr\u00fcnler \u00fczerinden kullan\u0131c\u0131n\u0131n ilgi alanlar\u0131yla ba\u011flant\u0131l\u0131 reklam g\u00f6sterilmesi.<\/li>\n<\/ul>\n\n\n\n<h3 class=\"wp-block-heading\" id=\"h-nasil-yonetebilirsiniz\"><strong>NASIL Y\u00d6NETEB\u0130L\u0130RS\u0130N\u0130Z?<\/strong><\/h3>\n\n\n\n<p>Xometry T\u00fcrkiye olarak, Xometry T\u00fcrkiye \u0130nternet Sitesi kullan\u0131c\u0131lar\u0131n\u0131n ki\u015fisel verileri \u00fczerindeki tercihlerini kendilerinin y\u00f6netebilmesine \u00f6nem vermekteyiz. Ancak, Xometry T\u00fcrkiye \u0130nternet Sitesinin \u00e7al\u0131\u015fmas\u0131 i\u00e7in baz\u0131 \u00e7erezler konusunda tercih y\u00f6netimi maalesef m\u00fcmk\u00fcn olmamaktad\u0131r. \u00d6te yandan, baz\u0131 \u00e7erezlerin kapat\u0131lmas\u0131n\u0131n, Xometry T\u00fcrkiye \u0130nternet Sitenin birtak\u0131m i\u015flevlerinin de kapat\u0131lmas\u0131 anlam\u0131na geldi\u011fini belirtmek isteriz.<\/p>\n\n\n\n<p>E\u011fer Xometry T\u00fcrkiye \u0130nternet Sitesini g\u00f6r\u00fcnt\u00fcledi\u011finiz taray\u0131c\u0131 bu imk\u00e2n\u0131 size sunuyorsa, taray\u0131c\u0131 ayarlar\u0131n\u0131 de\u011fi\u015ftirerek \u00e7erezlere ili\u015fkin tercihlerinizi ki\u015fiselle\u015ftirme imk\u00e2n\u0131na sahip olacaks\u0131n\u0131z. Kulland\u0131\u011f\u0131n\u0131z taray\u0131c\u0131ya g\u00f6re de\u011fi\u015febilmekle birlikte genellikle (i) veri sahiplerinin \u00e7erezlerin kullan\u0131lmas\u0131n\u0131 engelleme, (ii) \u00e7erez kullan\u0131lmadan \u00f6nce uyar\u0131 almay\u0131 tercih etme veya (iii) baz\u0131 \u00c7erezleri devre d\u0131\u015f\u0131 b\u0131rakma ya da silme imk\u00e2nlar\u0131na sahip olacaks\u0131n\u0131z. Bununla birlikte, \u00e7erezlere ili\u015fkin tercihlerinizi Xometry T\u00fcrkiye \u0130nternet Sitesine eri\u015fim sa\u011flad\u0131\u011f\u0131n\u0131z her bir cihazda ayr\u0131 ayr\u0131 yapman\u0131z gerekebilecektir.<\/p>\n\n\n\n<h3 class=\"wp-block-heading\" id=\"h-kabul-ve-degisiklik\"><strong>KABUL VE DE\u011e\u0130\u015e\u0130KL\u0130K<\/strong><\/h3>\n\n\n\n<p>Xometry T\u00fcrkiye olarak, i\u015fbu \u00c7erez Politikas\u0131 ile Xometry T\u00fcrkiye \u0130nternet Sitesi kullan\u0131c\u0131lar\u0131na \u00e7erezler hakk\u0131nda detayl\u0131 a\u00e7\u0131klama sunarak kullan\u0131c\u0131lar\u0131 bilgilendirmeyi ama\u00e7lamaktay\u0131z. Kullan\u0131c\u0131lar Xometry T\u00fcrkiye \u0130nternet Sitesinde \u201c\u00e7erez uyar\u0131s\u0131\u201d ile kar\u015f\u0131la\u015fmaktad\u0131rlar. Kullan\u0131c\u0131lar\u0131n kar\u015f\u0131la\u015ft\u0131klar\u0131 s\u00f6z konusu \u00e7erez uyar\u0131s\u0131n\u0131 kapatmas\u0131 ve Xometry T\u00fcrkiye \u0130nternet Sitesini ziyarete devam etmesi halinde \u00e7erez kullan\u0131m\u0131na r\u0131za verdikleri kabul edilmektedir. Bununla birlikte, kullan\u0131c\u0131lar dilekleri zaman \u00e7erez tercihlerini de\u011fi\u015ftirme imk\u00e2n\u0131 sahiptirler.<\/p>\n\n\n\n<p>Xometry T\u00fcrkiye, yukar\u0131da belirtilen ama\u00e7lar do\u011frultusunda i\u015fbu \u00c7erez Politikas\u0131n\u0131 olu\u015fturmu\u015ftur. Xometry T\u00fcrkiye, i\u015fbu \u00c7erez Politikas\u0131ndaki h\u00fck\u00fcmleri diledi\u011fi zaman de\u011fi\u015ftirme hakk\u0131na sahiptir. \u0130\u015fbu \u00c7erez Politikas\u0131 ve daha sonra yap\u0131lacak de\u011fi\u015fikliklerle olu\u015fturulacak yeni politikalar Xometry T\u00fcrkiye \u0130nternet Sitesinde yay\u0131nlad\u0131\u011f\u0131 tarihlerde y\u00fcr\u00fcrl\u00fck kazan\u0131rlar.<\/p>\n\n\n\n<p>Xometry TR Teknoloji Anonim \u015eirketi<\/p>\n","protected":false},"excerpt":{"rendered":"<p>\u00c7erez politikasi Xometry TR Teknoloji Anonim \u015eirketi (\u201cXometry T\u00fcrkiye\u201d) olarak, www.staging-wp.xometry.com.tr alan adl\u0131 internet sitemizin (\u201cXometry T\u00fcrkiye \u0130nternet Sitesi\u201d) kullan\u0131c\u0131lar\u0131n\u0131n, Xometry T\u00fcrkiye \u0130nternet Sitesinde sa\u011flad\u0131\u011f\u0131m\u0131z hizmetlerimizden g\u00fcvenli, huzurlu ve eksiksiz bir \u015fekilde faydalanmalar\u0131 i\u00e7in, kullan\u0131c\u0131lar\u0131n gizlili\u011finin sa\u011flanmas\u0131na ve ki\u015fisel verilerinin korunmas\u0131na b\u00fcy\u00fck \u00f6nem vermekteyiz. Bu do\u011frultuda, i\u015fbu \u00c7erez Politikam\u0131z, Xometry T\u00fcrkiye \u0130nternet Sitemizde yer alan [&hellip;]<\/p>\n","protected":false},"author":10,"featured_media":0,"parent":0,"menu_order":0,"comment_status":"closed","ping_status":"closed","template":"","meta":{"_acf_changed":false,"inline_featured_image":false,"footnotes":""},"class_list":["post-22113","page","type-page","status-publish","hentry"],"acf":[],"yoast_head":"<!-- This site is optimized with the Yoast SEO Premium plugin v20.5 (Yoast SEO v27.3) - https:\/\/yoast.com\/product\/yoast-seo-premium-wordpress\/ -->\n<title>\u00c7erez Politikas\u0131 | Xometry T\u00fcrkiye Yeni Nesil \u00dcretim Platformu<\/title>\n<meta name=\"description\" content=\"Xometry T\u00fcrkiye yeni nesil \u00fcretim platformuyla tan\u0131\u015f\u0131n! Tek noktadan s\u0131n\u0131rs\u0131z yetkinlik ve kapasiteye ula\u015f\u0131n, an\u0131nda teklif al\u0131n. \u00c7erez Politikam\u0131z\u0131 inceleyin.\" \/>\n<meta name=\"robots\" content=\"noindex, follow, max-snippet:-1, max-image-preview:large, max-video-preview:-1\" \/>\n<meta property=\"og:locale\" content=\"tr_TR\" \/>\n<meta property=\"og:type\" content=\"article\" \/>\n<meta property=\"og:title\" content=\"\u00c7erez politikasi\" \/>\n<meta property=\"og:description\" content=\"Xometry T\u00fcrkiye yeni nesil \u00fcretim platformuyla tan\u0131\u015f\u0131n! Tek noktadan s\u0131n\u0131rs\u0131z yetkinlik ve kapasiteye ula\u015f\u0131n, an\u0131nda teklif al\u0131n. \u00c7erez Politikam\u0131z\u0131 inceleyin.\" \/>\n<meta property=\"og:url\" content=\"https:\/\/staging-wp.xometry.com.tr\/tr\/cerez\/\" \/>\n<meta property=\"og:site_name\" content=\"Xometry T\u00fcrkiye\" \/>\n<meta property=\"article:modified_time\" content=\"2024-01-16T06:06:52+00:00\" \/>\n<meta name=\"twitter:card\" content=\"summary_large_image\" \/>\n<meta name=\"twitter:label1\" content=\"Tahmini okuma s\u00fcresi\" \/>\n\t<meta name=\"twitter:data1\" content=\"3 dakika\" \/>\n<script type=\"application\/ld+json\" class=\"yoast-schema-graph\">{\"@context\":\"https:\\\/\\\/schema.org\",\"@graph\":[{\"@type\":\"WebPage\",\"@id\":\"https:\\\/\\\/staging-wp.xometry.com.tr\\\/tr\\\/cerez\\\/\",\"url\":\"https:\\\/\\\/staging-wp.xometry.com.tr\\\/tr\\\/cerez\\\/\",\"name\":\"\u00c7erez Politikas\u0131 | Xometry T\u00fcrkiye Yeni Nesil \u00dcretim Platformu\",\"isPartOf\":{\"@id\":\"https:\\\/\\\/staging-wp.xometry.com.tr\\\/tr\\\/#website\"},\"datePublished\":\"2023-02-28T15:14:01+00:00\",\"dateModified\":\"2024-01-16T06:06:52+00:00\",\"description\":\"Xometry T\u00fcrkiye yeni nesil \u00fcretim platformuyla tan\u0131\u015f\u0131n! Tek noktadan s\u0131n\u0131rs\u0131z yetkinlik ve kapasiteye ula\u015f\u0131n, an\u0131nda teklif al\u0131n. \u00c7erez Politikam\u0131z\u0131 inceleyin.\",\"breadcrumb\":{\"@id\":\"https:\\\/\\\/staging-wp.xometry.com.tr\\\/tr\\\/cerez\\\/#breadcrumb\"},\"inLanguage\":\"tr\",\"potentialAction\":[{\"@type\":\"ReadAction\",\"target\":[\"https:\\\/\\\/staging-wp.xometry.com.tr\\\/tr\\\/cerez\\\/\"]}]},{\"@type\":\"BreadcrumbList\",\"@id\":\"https:\\\/\\\/staging-wp.xometry.com.tr\\\/tr\\\/cerez\\\/#breadcrumb\",\"itemListElement\":[{\"@type\":\"ListItem\",\"position\":1,\"name\":\"Home\",\"item\":\"https:\\\/\\\/staging-wp.xometry.com.tr\\\/tr\\\/\"},{\"@type\":\"ListItem\",\"position\":2,\"name\":\"\u00c7erez politikasi\"}]},{\"@type\":\"WebSite\",\"@id\":\"https:\\\/\\\/staging-wp.xometry.com.tr\\\/tr\\\/#website\",\"url\":\"https:\\\/\\\/staging-wp.xometry.com.tr\\\/tr\\\/\",\"name\":\"Xometry T\u00fcrkiye\",\"description\":\"\",\"potentialAction\":[{\"@type\":\"SearchAction\",\"target\":{\"@type\":\"EntryPoint\",\"urlTemplate\":\"https:\\\/\\\/staging-wp.xometry.com.tr\\\/tr\\\/?s={search_term_string}\"},\"query-input\":{\"@type\":\"PropertyValueSpecification\",\"valueRequired\":true,\"valueName\":\"search_term_string\"}}],\"inLanguage\":\"tr\"}]}<\/script>\n<!-- \/ Yoast SEO Premium plugin. -->","yoast_head_json":{"title":"\u00c7erez Politikas\u0131 | Xometry T\u00fcrkiye Yeni Nesil \u00dcretim Platformu","description":"Xometry T\u00fcrkiye yeni nesil \u00fcretim platformuyla tan\u0131\u015f\u0131n! Tek noktadan s\u0131n\u0131rs\u0131z yetkinlik ve kapasiteye ula\u015f\u0131n, an\u0131nda teklif al\u0131n. \u00c7erez Politikam\u0131z\u0131 inceleyin.","robots":{"index":"noindex","follow":"follow","max-snippet":"max-snippet:-1","max-image-preview":"max-image-preview:large","max-video-preview":"max-video-preview:-1"},"og_locale":"tr_TR","og_type":"article","og_title":"\u00c7erez politikasi","og_description":"Xometry T\u00fcrkiye yeni nesil \u00fcretim platformuyla tan\u0131\u015f\u0131n! Tek noktadan s\u0131n\u0131rs\u0131z yetkinlik ve kapasiteye ula\u015f\u0131n, an\u0131nda teklif al\u0131n. \u00c7erez Politikam\u0131z\u0131 inceleyin.","og_url":"https:\/\/staging-wp.xometry.com.tr\/tr\/cerez\/","og_site_name":"Xometry T\u00fcrkiye","article_modified_time":"2024-01-16T06:06:52+00:00","twitter_card":"summary_large_image","twitter_misc":{"Tahmini okuma s\u00fcresi":"3 dakika"},"schema":{"@context":"https:\/\/schema.org","@graph":[{"@type":"WebPage","@id":"https:\/\/staging-wp.xometry.com.tr\/tr\/cerez\/","url":"https:\/\/staging-wp.xometry.com.tr\/tr\/cerez\/","name":"\u00c7erez Politikas\u0131 | Xometry T\u00fcrkiye Yeni Nesil \u00dcretim Platformu","isPartOf":{"@id":"https:\/\/staging-wp.xometry.com.tr\/tr\/#website"},"datePublished":"2023-02-28T15:14:01+00:00","dateModified":"2024-01-16T06:06:52+00:00","description":"Xometry T\u00fcrkiye yeni nesil \u00fcretim platformuyla tan\u0131\u015f\u0131n! Tek noktadan s\u0131n\u0131rs\u0131z yetkinlik ve kapasiteye ula\u015f\u0131n, an\u0131nda teklif al\u0131n. \u00c7erez Politikam\u0131z\u0131 inceleyin.","breadcrumb":{"@id":"https:\/\/staging-wp.xometry.com.tr\/tr\/cerez\/#breadcrumb"},"inLanguage":"tr","potentialAction":[{"@type":"ReadAction","target":["https:\/\/staging-wp.xometry.com.tr\/tr\/cerez\/"]}]},{"@type":"BreadcrumbList","@id":"https:\/\/staging-wp.xometry.com.tr\/tr\/cerez\/#breadcrumb","itemListElement":[{"@type":"ListItem","position":1,"name":"Home","item":"https:\/\/staging-wp.xometry.com.tr\/tr\/"},{"@type":"ListItem","position":2,"name":"\u00c7erez politikasi"}]},{"@type":"WebSite","@id":"https:\/\/staging-wp.xometry.com.tr\/tr\/#website","url":"https:\/\/staging-wp.xometry.com.tr\/tr\/","name":"Xometry T\u00fcrkiye","description":"","potentialAction":[{"@type":"SearchAction","target":{"@type":"EntryPoint","urlTemplate":"https:\/\/staging-wp.xometry.com.tr\/tr\/?s={search_term_string}"},"query-input":{"@type":"PropertyValueSpecification","valueRequired":true,"valueName":"search_term_string"}}],"inLanguage":"tr"}]}},"_links":{"self":[{"href":"https:\/\/staging-wp.xometry.com.tr\/tr\/wp-json\/wp\/v2\/pages\/22113","targetHints":{"allow":["GET"]}}],"collection":[{"href":"https:\/\/staging-wp.xometry.com.tr\/tr\/wp-json\/wp\/v2\/pages"}],"about":[{"href":"https:\/\/staging-wp.xometry.com.tr\/tr\/wp-json\/wp\/v2\/types\/page"}],"author":[{"embeddable":true,"href":"https:\/\/staging-wp.xometry.com.tr\/tr\/wp-json\/wp\/v2\/users\/10"}],"replies":[{"embeddable":true,"href":"https:\/\/staging-wp.xometry.com.tr\/tr\/wp-json\/wp\/v2\/comments?post=22113"}],"version-history":[{"count":4,"href":"https:\/\/staging-wp.xometry.com.tr\/tr\/wp-json\/wp\/v2\/pages\/22113\/revisions"}],"predecessor-version":[{"id":30800,"href":"https:\/\/staging-wp.xometry.com.tr\/tr\/wp-json\/wp\/v2\/pages\/22113\/revisions\/30800"}],"wp:attachment":[{"href":"https:\/\/staging-wp.xometry.com.tr\/tr\/wp-json\/wp\/v2\/media?parent=22113"}],"curies":[{"name":"wp","href":"https:\/\/api.w.org\/{rel}","templated":true}]}}