{"id":22244,"date":"2023-03-01T14:33:21","date_gmt":"2023-03-01T14:33:21","guid":{"rendered":"https:\/\/staging-wp.xometry.com.tr\/?page_id=22244"},"modified":"2025-08-14T13:54:05","modified_gmt":"2025-08-14T13:54:05","slug":"imalat-sektoru","status":"publish","type":"page","link":"https:\/\/staging-wp.xometry.com.tr\/tr\/imalat-sektoru\/","title":{"rendered":"Makine \u0130malat"},"content":{"rendered":"","protected":false},"excerpt":{"rendered":"","protected":false},"author":10,"featured_media":0,"parent":0,"menu_order":0,"comment_status":"closed","ping_status":"closed","template":"","meta":{"_acf_changed":false,"inline_featured_image":false,"footnotes":""},"class_list":["post-22244","page","type-page","status-publish","hentry"],"acf":[],"yoast_head":"<!-- This site is optimized with the Yoast SEO Premium plugin v20.5 (Yoast SEO v27.3) - https:\/\/yoast.com\/product\/yoast-seo-premium-wordpress\/ -->\n<title>Makine \u0130malat Sekt\u00f6r\u00fc \u0130\u00e7in \u00dcretim | Xometry T\u00fcrkiye<\/title>\n<meta name=\"description\" content=\"Geni\u015f \u00fcretici partner a\u011f\u0131m\u0131zla her daim beslenen \u00fcretim kapasitemiz sayesinde makine imalat sekt\u00f6r\u00fcndeki \u00fcretimlerinize h\u0131z kazand\u0131r\u0131yoruz.\" \/>\n<meta name=\"robots\" content=\"noindex, follow, max-snippet:-1, max-image-preview:large, max-video-preview:-1\" \/>\n<meta property=\"og:locale\" content=\"tr_TR\" \/>\n<meta property=\"og:type\" content=\"article\" \/>\n<meta property=\"og:title\" content=\"Makine \u0130malat\" \/>\n<meta property=\"og:description\" content=\"Geni\u015f \u00fcretici partner a\u011f\u0131m\u0131zla her daim beslenen \u00fcretim kapasitemiz sayesinde makine imalat sekt\u00f6r\u00fcndeki \u00fcretimlerinize h\u0131z kazand\u0131r\u0131yoruz.\" \/>\n<meta property=\"og:url\" content=\"https:\/\/staging-wp.xometry.com.tr\/tr\/imalat-sektoru\/\" \/>\n<meta property=\"og:site_name\" content=\"Xometry T\u00fcrkiye\" \/>\n<meta property=\"article:modified_time\" content=\"2025-08-14T13:54:05+00:00\" \/>\n<meta name=\"twitter:card\" content=\"summary_large_image\" \/>\n<script type=\"application\/ld+json\" class=\"yoast-schema-graph\">{\"@context\":\"https:\\\/\\\/schema.org\",\"@graph\":[{\"@type\":\"WebPage\",\"@id\":\"https:\\\/\\\/staging-wp.xometry.com.tr\\\/tr\\\/imalat-sektoru\\\/\",\"url\":\"https:\\\/\\\/staging-wp.xometry.com.tr\\\/tr\\\/imalat-sektoru\\\/\",\"name\":\"Makine \u0130malat Sekt\u00f6r\u00fc \u0130\u00e7in \u00dcretim | Xometry T\u00fcrkiye\",\"isPartOf\":{\"@id\":\"https:\\\/\\\/staging-wp.xometry.com.tr\\\/tr\\\/#website\"},\"datePublished\":\"2023-03-01T14:33:21+00:00\",\"dateModified\":\"2025-08-14T13:54:05+00:00\",\"description\":\"Geni\u015f \u00fcretici partner a\u011f\u0131m\u0131zla her daim beslenen \u00fcretim kapasitemiz sayesinde makine imalat sekt\u00f6r\u00fcndeki \u00fcretimlerinize h\u0131z kazand\u0131r\u0131yoruz.\",\"breadcrumb\":{\"@id\":\"https:\\\/\\\/staging-wp.xometry.com.tr\\\/tr\\\/imalat-sektoru\\\/#breadcrumb\"},\"inLanguage\":\"tr\",\"potentialAction\":[{\"@type\":\"ReadAction\",\"target\":[\"https:\\\/\\\/staging-wp.xometry.com.tr\\\/tr\\\/imalat-sektoru\\\/\"]}]},{\"@type\":\"BreadcrumbList\",\"@id\":\"https:\\\/\\\/staging-wp.xometry.com.tr\\\/tr\\\/imalat-sektoru\\\/#breadcrumb\",\"itemListElement\":[{\"@type\":\"ListItem\",\"position\":1,\"name\":\"Home\",\"item\":\"https:\\\/\\\/staging-wp.xometry.com.tr\\\/tr\\\/\"},{\"@type\":\"ListItem\",\"position\":2,\"name\":\"Makine \u0130malat\"}]},{\"@type\":\"WebSite\",\"@id\":\"https:\\\/\\\/staging-wp.xometry.com.tr\\\/tr\\\/#website\",\"url\":\"https:\\\/\\\/staging-wp.xometry.com.tr\\\/tr\\\/\",\"name\":\"Xometry T\u00fcrkiye\",\"description\":\"\",\"potentialAction\":[{\"@type\":\"SearchAction\",\"target\":{\"@type\":\"EntryPoint\",\"urlTemplate\":\"https:\\\/\\\/staging-wp.xometry.com.tr\\\/tr\\\/?s={search_term_string}\"},\"query-input\":{\"@type\":\"PropertyValueSpecification\",\"valueRequired\":true,\"valueName\":\"search_term_string\"}}],\"inLanguage\":\"tr\"}]}<\/script>\n<!-- \/ Yoast SEO Premium plugin. -->","yoast_head_json":{"title":"Makine \u0130malat Sekt\u00f6r\u00fc \u0130\u00e7in \u00dcretim | Xometry T\u00fcrkiye","description":"Geni\u015f \u00fcretici partner a\u011f\u0131m\u0131zla her daim beslenen \u00fcretim kapasitemiz sayesinde makine imalat sekt\u00f6r\u00fcndeki \u00fcretimlerinize h\u0131z kazand\u0131r\u0131yoruz.","robots":{"index":"noindex","follow":"follow","max-snippet":"max-snippet:-1","max-image-preview":"max-image-preview:large","max-video-preview":"max-video-preview:-1"},"og_locale":"tr_TR","og_type":"article","og_title":"Makine \u0130malat","og_description":"Geni\u015f \u00fcretici partner a\u011f\u0131m\u0131zla her daim beslenen \u00fcretim kapasitemiz sayesinde makine imalat sekt\u00f6r\u00fcndeki \u00fcretimlerinize h\u0131z kazand\u0131r\u0131yoruz.","og_url":"https:\/\/staging-wp.xometry.com.tr\/tr\/imalat-sektoru\/","og_site_name":"Xometry T\u00fcrkiye","article_modified_time":"2025-08-14T13:54:05+00:00","twitter_card":"summary_large_image","schema":{"@context":"https:\/\/schema.org","@graph":[{"@type":"WebPage","@id":"https:\/\/staging-wp.xometry.com.tr\/tr\/imalat-sektoru\/","url":"https:\/\/staging-wp.xometry.com.tr\/tr\/imalat-sektoru\/","name":"Makine \u0130malat Sekt\u00f6r\u00fc \u0130\u00e7in \u00dcretim | Xometry T\u00fcrkiye","isPartOf":{"@id":"https:\/\/staging-wp.xometry.com.tr\/tr\/#website"},"datePublished":"2023-03-01T14:33:21+00:00","dateModified":"2025-08-14T13:54:05+00:00","description":"Geni\u015f \u00fcretici partner a\u011f\u0131m\u0131zla her daim beslenen \u00fcretim kapasitemiz sayesinde makine imalat sekt\u00f6r\u00fcndeki \u00fcretimlerinize h\u0131z kazand\u0131r\u0131yoruz.","breadcrumb":{"@id":"https:\/\/staging-wp.xometry.com.tr\/tr\/imalat-sektoru\/#breadcrumb"},"inLanguage":"tr","potentialAction":[{"@type":"ReadAction","target":["https:\/\/staging-wp.xometry.com.tr\/tr\/imalat-sektoru\/"]}]},{"@type":"BreadcrumbList","@id":"https:\/\/staging-wp.xometry.com.tr\/tr\/imalat-sektoru\/#breadcrumb","itemListElement":[{"@type":"ListItem","position":1,"name":"Home","item":"https:\/\/staging-wp.xometry.com.tr\/tr\/"},{"@type":"ListItem","position":2,"name":"Makine \u0130malat"}]},{"@type":"WebSite","@id":"https:\/\/staging-wp.xometry.com.tr\/tr\/#website","url":"https:\/\/staging-wp.xometry.com.tr\/tr\/","name":"Xometry T\u00fcrkiye","description":"","potentialAction":[{"@type":"SearchAction","target":{"@type":"EntryPoint","urlTemplate":"https:\/\/staging-wp.xometry.com.tr\/tr\/?s={search_term_string}"},"query-input":{"@type":"PropertyValueSpecification","valueRequired":true,"valueName":"search_term_string"}}],"inLanguage":"tr"}]}},"_links":{"self":[{"href":"https:\/\/staging-wp.xometry.com.tr\/tr\/wp-json\/wp\/v2\/pages\/22244","targetHints":{"allow":["GET"]}}],"collection":[{"href":"https:\/\/staging-wp.xometry.com.tr\/tr\/wp-json\/wp\/v2\/pages"}],"about":[{"href":"https:\/\/staging-wp.xometry.com.tr\/tr\/wp-json\/wp\/v2\/types\/page"}],"author":[{"embeddable":true,"href":"https:\/\/staging-wp.xometry.com.tr\/tr\/wp-json\/wp\/v2\/users\/10"}],"replies":[{"embeddable":true,"href":"https:\/\/staging-wp.xometry.com.tr\/tr\/wp-json\/wp\/v2\/comments?post=22244"}],"version-history":[{"count":16,"href":"https:\/\/staging-wp.xometry.com.tr\/tr\/wp-json\/wp\/v2\/pages\/22244\/revisions"}],"predecessor-version":[{"id":37805,"href":"https:\/\/staging-wp.xometry.com.tr\/tr\/wp-json\/wp\/v2\/pages\/22244\/revisions\/37805"}],"wp:attachment":[{"href":"https:\/\/staging-wp.xometry.com.tr\/tr\/wp-json\/wp\/v2\/media?parent=22244"}],"curies":[{"name":"wp","href":"https:\/\/api.w.org\/{rel}","templated":true}]}}