{"id":22328,"date":"2023-03-01T16:32:31","date_gmt":"2023-03-01T16:32:31","guid":{"rendered":"https:\/\/staging-wp.xometry.com.tr\/?page_id=22328"},"modified":"2026-03-16T14:48:05","modified_gmt":"2026-03-16T14:48:05","slug":"robotik-ve-otomasyon-endustrisi","status":"publish","type":"page","link":"https:\/\/staging-wp.xometry.com.tr\/tr\/robotik-ve-otomasyon-endustrisi\/","title":{"rendered":"Robotik ve Otomasyon End\u00fcstrisi"},"content":{"rendered":"","protected":false},"excerpt":{"rendered":"","protected":false},"author":10,"featured_media":0,"parent":0,"menu_order":0,"comment_status":"closed","ping_status":"closed","template":"","meta":{"_acf_changed":false,"inline_featured_image":false,"footnotes":""},"class_list":["post-22328","page","type-page","status-publish","hentry"],"acf":[],"yoast_head":"<!-- This site is optimized with the Yoast SEO Premium plugin v20.5 (Yoast SEO v27.3) - https:\/\/yoast.com\/product\/yoast-seo-premium-wordpress\/ -->\n<title>End\u00fcstriyel Otomasyon \u0130\u00e7in \u00dcretim | Xometry T\u00fcrkiye<\/title>\n<meta name=\"description\" content=\"Yapay zeka destekli \u00fcretim tedarik platformumuz ile Robotik &amp; Otomasyon sekt\u00f6r\u00fcndeki \u00fcr\u00fcn geli\u015ftiren \u015firketlerin \u00fcretim s\u00fcre\u00e7lerinde yer al\u0131yoruz.\" \/>\n<meta name=\"robots\" content=\"noindex, follow, max-snippet:-1, max-image-preview:large, max-video-preview:-1\" \/>\n<meta property=\"og:locale\" content=\"tr_TR\" \/>\n<meta property=\"og:type\" content=\"article\" \/>\n<meta property=\"og:title\" content=\"Robotik ve Otomasyon End\u00fcstrisi\" \/>\n<meta property=\"og:description\" content=\"Yapay zeka destekli \u00fcretim tedarik platformumuz ile Robotik &amp; Otomasyon sekt\u00f6r\u00fcndeki \u00fcr\u00fcn geli\u015ftiren \u015firketlerin \u00fcretim s\u00fcre\u00e7lerinde yer al\u0131yoruz.\" \/>\n<meta property=\"og:url\" content=\"https:\/\/staging-wp.xometry.com.tr\/tr\/robotik-ve-otomasyon-endustrisi\/\" \/>\n<meta property=\"og:site_name\" content=\"Xometry T\u00fcrkiye\" \/>\n<meta property=\"article:modified_time\" content=\"2026-03-16T14:48:05+00:00\" \/>\n<meta name=\"twitter:card\" content=\"summary_large_image\" \/>\n<script type=\"application\/ld+json\" class=\"yoast-schema-graph\">{\"@context\":\"https:\\\/\\\/schema.org\",\"@graph\":[{\"@type\":\"WebPage\",\"@id\":\"https:\\\/\\\/staging-wp.xometry.com.tr\\\/tr\\\/robotik-ve-otomasyon-endustrisi\\\/\",\"url\":\"https:\\\/\\\/staging-wp.xometry.com.tr\\\/tr\\\/robotik-ve-otomasyon-endustrisi\\\/\",\"name\":\"End\u00fcstriyel Otomasyon \u0130\u00e7in \u00dcretim | Xometry T\u00fcrkiye\",\"isPartOf\":{\"@id\":\"https:\\\/\\\/staging-wp.xometry.com.tr\\\/tr\\\/#website\"},\"datePublished\":\"2023-03-01T16:32:31+00:00\",\"dateModified\":\"2026-03-16T14:48:05+00:00\",\"description\":\"Yapay zeka destekli \u00fcretim tedarik platformumuz ile Robotik & Otomasyon sekt\u00f6r\u00fcndeki \u00fcr\u00fcn geli\u015ftiren \u015firketlerin \u00fcretim s\u00fcre\u00e7lerinde yer al\u0131yoruz.\",\"breadcrumb\":{\"@id\":\"https:\\\/\\\/staging-wp.xometry.com.tr\\\/tr\\\/robotik-ve-otomasyon-endustrisi\\\/#breadcrumb\"},\"inLanguage\":\"tr\",\"potentialAction\":[{\"@type\":\"ReadAction\",\"target\":[\"https:\\\/\\\/staging-wp.xometry.com.tr\\\/tr\\\/robotik-ve-otomasyon-endustrisi\\\/\"]}]},{\"@type\":\"BreadcrumbList\",\"@id\":\"https:\\\/\\\/staging-wp.xometry.com.tr\\\/tr\\\/robotik-ve-otomasyon-endustrisi\\\/#breadcrumb\",\"itemListElement\":[{\"@type\":\"ListItem\",\"position\":1,\"name\":\"Home\",\"item\":\"https:\\\/\\\/staging-wp.xometry.com.tr\\\/tr\\\/\"},{\"@type\":\"ListItem\",\"position\":2,\"name\":\"Robotik ve Otomasyon End\u00fcstrisi\"}]},{\"@type\":\"WebSite\",\"@id\":\"https:\\\/\\\/staging-wp.xometry.com.tr\\\/tr\\\/#website\",\"url\":\"https:\\\/\\\/staging-wp.xometry.com.tr\\\/tr\\\/\",\"name\":\"Xometry T\u00fcrkiye\",\"description\":\"\",\"potentialAction\":[{\"@type\":\"SearchAction\",\"target\":{\"@type\":\"EntryPoint\",\"urlTemplate\":\"https:\\\/\\\/staging-wp.xometry.com.tr\\\/tr\\\/?s={search_term_string}\"},\"query-input\":{\"@type\":\"PropertyValueSpecification\",\"valueRequired\":true,\"valueName\":\"search_term_string\"}}],\"inLanguage\":\"tr\"}]}<\/script>\n<!-- \/ Yoast SEO Premium plugin. -->","yoast_head_json":{"title":"End\u00fcstriyel Otomasyon \u0130\u00e7in \u00dcretim | Xometry T\u00fcrkiye","description":"Yapay zeka destekli \u00fcretim tedarik platformumuz ile Robotik & Otomasyon sekt\u00f6r\u00fcndeki \u00fcr\u00fcn geli\u015ftiren \u015firketlerin \u00fcretim s\u00fcre\u00e7lerinde yer al\u0131yoruz.","robots":{"index":"noindex","follow":"follow","max-snippet":"max-snippet:-1","max-image-preview":"max-image-preview:large","max-video-preview":"max-video-preview:-1"},"og_locale":"tr_TR","og_type":"article","og_title":"Robotik ve Otomasyon End\u00fcstrisi","og_description":"Yapay zeka destekli \u00fcretim tedarik platformumuz ile Robotik & Otomasyon sekt\u00f6r\u00fcndeki \u00fcr\u00fcn geli\u015ftiren \u015firketlerin \u00fcretim s\u00fcre\u00e7lerinde yer al\u0131yoruz.","og_url":"https:\/\/staging-wp.xometry.com.tr\/tr\/robotik-ve-otomasyon-endustrisi\/","og_site_name":"Xometry T\u00fcrkiye","article_modified_time":"2026-03-16T14:48:05+00:00","twitter_card":"summary_large_image","schema":{"@context":"https:\/\/schema.org","@graph":[{"@type":"WebPage","@id":"https:\/\/staging-wp.xometry.com.tr\/tr\/robotik-ve-otomasyon-endustrisi\/","url":"https:\/\/staging-wp.xometry.com.tr\/tr\/robotik-ve-otomasyon-endustrisi\/","name":"End\u00fcstriyel Otomasyon \u0130\u00e7in \u00dcretim | Xometry T\u00fcrkiye","isPartOf":{"@id":"https:\/\/staging-wp.xometry.com.tr\/tr\/#website"},"datePublished":"2023-03-01T16:32:31+00:00","dateModified":"2026-03-16T14:48:05+00:00","description":"Yapay zeka destekli \u00fcretim tedarik platformumuz ile Robotik & Otomasyon sekt\u00f6r\u00fcndeki \u00fcr\u00fcn geli\u015ftiren \u015firketlerin \u00fcretim s\u00fcre\u00e7lerinde yer al\u0131yoruz.","breadcrumb":{"@id":"https:\/\/staging-wp.xometry.com.tr\/tr\/robotik-ve-otomasyon-endustrisi\/#breadcrumb"},"inLanguage":"tr","potentialAction":[{"@type":"ReadAction","target":["https:\/\/staging-wp.xometry.com.tr\/tr\/robotik-ve-otomasyon-endustrisi\/"]}]},{"@type":"BreadcrumbList","@id":"https:\/\/staging-wp.xometry.com.tr\/tr\/robotik-ve-otomasyon-endustrisi\/#breadcrumb","itemListElement":[{"@type":"ListItem","position":1,"name":"Home","item":"https:\/\/staging-wp.xometry.com.tr\/tr\/"},{"@type":"ListItem","position":2,"name":"Robotik ve Otomasyon End\u00fcstrisi"}]},{"@type":"WebSite","@id":"https:\/\/staging-wp.xometry.com.tr\/tr\/#website","url":"https:\/\/staging-wp.xometry.com.tr\/tr\/","name":"Xometry T\u00fcrkiye","description":"","potentialAction":[{"@type":"SearchAction","target":{"@type":"EntryPoint","urlTemplate":"https:\/\/staging-wp.xometry.com.tr\/tr\/?s={search_term_string}"},"query-input":{"@type":"PropertyValueSpecification","valueRequired":true,"valueName":"search_term_string"}}],"inLanguage":"tr"}]}},"_links":{"self":[{"href":"https:\/\/staging-wp.xometry.com.tr\/tr\/wp-json\/wp\/v2\/pages\/22328","targetHints":{"allow":["GET"]}}],"collection":[{"href":"https:\/\/staging-wp.xometry.com.tr\/tr\/wp-json\/wp\/v2\/pages"}],"about":[{"href":"https:\/\/staging-wp.xometry.com.tr\/tr\/wp-json\/wp\/v2\/types\/page"}],"author":[{"embeddable":true,"href":"https:\/\/staging-wp.xometry.com.tr\/tr\/wp-json\/wp\/v2\/users\/10"}],"replies":[{"embeddable":true,"href":"https:\/\/staging-wp.xometry.com.tr\/tr\/wp-json\/wp\/v2\/comments?post=22328"}],"version-history":[{"count":8,"href":"https:\/\/staging-wp.xometry.com.tr\/tr\/wp-json\/wp\/v2\/pages\/22328\/revisions"}],"predecessor-version":[{"id":38643,"href":"https:\/\/staging-wp.xometry.com.tr\/tr\/wp-json\/wp\/v2\/pages\/22328\/revisions\/38643"}],"wp:attachment":[{"href":"https:\/\/staging-wp.xometry.com.tr\/tr\/wp-json\/wp\/v2\/media?parent=22328"}],"curies":[{"name":"wp","href":"https:\/\/api.w.org\/{rel}","templated":true}]}}