{"id":28551,"date":"2023-11-03T13:17:20","date_gmt":"2023-11-03T13:17:20","guid":{"rendered":"https:\/\/staging-wp.xometry.com.tr\/?page_id=28551"},"modified":"2026-02-04T14:35:28","modified_gmt":"2026-02-04T14:35:28","slug":"basincli-dokum","status":"publish","type":"page","link":"https:\/\/staging-wp.xometry.com.tr\/tr\/basincli-dokum\/","title":{"rendered":"Bas\u0131n\u00e7l\u0131 D\u00f6k\u00fcm"},"content":{"rendered":"","protected":false},"excerpt":{"rendered":"","protected":false},"author":11,"featured_media":30976,"parent":0,"menu_order":0,"comment_status":"closed","ping_status":"closed","template":"","meta":{"_acf_changed":false,"inline_featured_image":false,"footnotes":""},"class_list":["post-28551","page","type-page","status-publish","has-post-thumbnail","hentry"],"acf":[],"yoast_head":"<!-- This site is optimized with the Yoast SEO Premium plugin v20.5 (Yoast SEO v27.3) - https:\/\/yoast.com\/product\/yoast-seo-premium-wordpress\/ -->\n<title>Bas\u0131n\u00e7l\u0131 d\u00f6k\u00fcm hizmetleri | Xometry T\u00fcrkiye<\/title>\n<meta name=\"description\" content=\"Al\u00fcminyum ala\u015f\u0131mlar\u0131 i\u00e7in online bas\u0131n\u00e7l\u0131 d\u00f6k\u00fcm hizmetleri. CAD dosyalar\u0131n\u0131z\u0131 y\u00fckleyin ve bas\u0131n\u00e7l\u0131 d\u00f6k\u00fcm par\u00e7alar\u0131n\u0131z i\u00e7in fiyat teklifi al\u0131n.\" \/>\n<meta name=\"robots\" content=\"noindex, follow, max-snippet:-1, max-image-preview:large, max-video-preview:-1\" \/>\n<meta property=\"og:locale\" content=\"tr_TR\" \/>\n<meta property=\"og:type\" content=\"article\" \/>\n<meta property=\"og:title\" content=\"Bas\u0131n\u00e7l\u0131 D\u00f6k\u00fcm | Aluminium Alloys | Xometry T\u00fcrkiye\" \/>\n<meta property=\"og:description\" content=\"Die casting services online for aluminium alloys. Upload your CAD files and get an instant quote for your die cast parts. High volume manufacturing service for metal parts.\" \/>\n<meta property=\"og:url\" content=\"https:\/\/staging-wp.xometry.com.tr\/tr\/basincli-dokum\/\" \/>\n<meta property=\"og:site_name\" content=\"Xometry T\u00fcrkiye\" \/>\n<meta property=\"article:modified_time\" content=\"2026-02-04T14:35:28+00:00\" \/>\n<meta property=\"og:image\" content=\"http:\/\/staging-wp.xometry.eu\/wp-content\/uploads\/2023\/02\/EN-Die-Casting-service-page-1440x737.jpg\" \/>\n<meta name=\"twitter:card\" content=\"summary_large_image\" \/>\n<meta name=\"twitter:title\" content=\"Bas\u0131n\u00e7l\u0131 D\u00f6k\u00fcm | Aluminium Alloys | Xometry T\u00fcrkiye\" \/>\n<meta name=\"twitter:description\" content=\"Die casting services online for aluminium alloys. Upload your CAD files and get an instant quote for your die cast parts. High volume manufacturing service for metal parts.\" \/>\n<script type=\"application\/ld+json\" class=\"yoast-schema-graph\">{\"@context\":\"https:\\\/\\\/schema.org\",\"@graph\":[{\"@type\":\"WebPage\",\"@id\":\"https:\\\/\\\/staging-wp.xometry.com.tr\\\/tr\\\/basincli-dokum\\\/\",\"url\":\"https:\\\/\\\/staging-wp.xometry.com.tr\\\/tr\\\/basincli-dokum\\\/\",\"name\":\"Bas\u0131n\u00e7l\u0131 d\u00f6k\u00fcm hizmetleri | Xometry T\u00fcrkiye\",\"isPartOf\":{\"@id\":\"https:\\\/\\\/staging-wp.xometry.com.tr\\\/tr\\\/#website\"},\"primaryImageOfPage\":{\"@id\":\"https:\\\/\\\/staging-wp.xometry.com.tr\\\/tr\\\/basincli-dokum\\\/#primaryimage\"},\"image\":{\"@id\":\"https:\\\/\\\/staging-wp.xometry.com.tr\\\/tr\\\/basincli-dokum\\\/#primaryimage\"},\"thumbnailUrl\":\"https:\\\/\\\/staging-wp.xometry.com.tr\\\/wp-content\\\/uploads\\\/sites\\\/3\\\/2024\\\/02\\\/TR-Die-Casting-service-page-1.jpg\",\"datePublished\":\"2023-11-03T13:17:20+00:00\",\"dateModified\":\"2026-02-04T14:35:28+00:00\",\"description\":\"Al\u00fcminyum ala\u015f\u0131mlar\u0131 i\u00e7in online bas\u0131n\u00e7l\u0131 d\u00f6k\u00fcm hizmetleri. CAD dosyalar\u0131n\u0131z\u0131 y\u00fckleyin ve bas\u0131n\u00e7l\u0131 d\u00f6k\u00fcm par\u00e7alar\u0131n\u0131z i\u00e7in fiyat teklifi al\u0131n.\",\"breadcrumb\":{\"@id\":\"https:\\\/\\\/staging-wp.xometry.com.tr\\\/tr\\\/basincli-dokum\\\/#breadcrumb\"},\"inLanguage\":\"tr\",\"potentialAction\":[{\"@type\":\"ReadAction\",\"target\":[\"https:\\\/\\\/staging-wp.xometry.com.tr\\\/tr\\\/basincli-dokum\\\/\"]}]},{\"@type\":\"ImageObject\",\"inLanguage\":\"tr\",\"@id\":\"https:\\\/\\\/staging-wp.xometry.com.tr\\\/tr\\\/basincli-dokum\\\/#primaryimage\",\"url\":\"https:\\\/\\\/staging-wp.xometry.com.tr\\\/wp-content\\\/uploads\\\/sites\\\/3\\\/2024\\\/02\\\/TR-Die-Casting-service-page-1.jpg\",\"contentUrl\":\"https:\\\/\\\/staging-wp.xometry.com.tr\\\/wp-content\\\/uploads\\\/sites\\\/3\\\/2024\\\/02\\\/TR-Die-Casting-service-page-1.jpg\",\"width\":2400,\"height\":1229},{\"@type\":\"BreadcrumbList\",\"@id\":\"https:\\\/\\\/staging-wp.xometry.com.tr\\\/tr\\\/basincli-dokum\\\/#breadcrumb\",\"itemListElement\":[{\"@type\":\"ListItem\",\"position\":1,\"name\":\"Home\",\"item\":\"https:\\\/\\\/staging-wp.xometry.com.tr\\\/tr\\\/\"},{\"@type\":\"ListItem\",\"position\":2,\"name\":\"Bas\u0131n\u00e7l\u0131 D\u00f6k\u00fcm\"}]},{\"@type\":\"WebSite\",\"@id\":\"https:\\\/\\\/staging-wp.xometry.com.tr\\\/tr\\\/#website\",\"url\":\"https:\\\/\\\/staging-wp.xometry.com.tr\\\/tr\\\/\",\"name\":\"Xometry T\u00fcrkiye\",\"description\":\"\",\"potentialAction\":[{\"@type\":\"SearchAction\",\"target\":{\"@type\":\"EntryPoint\",\"urlTemplate\":\"https:\\\/\\\/staging-wp.xometry.com.tr\\\/tr\\\/?s={search_term_string}\"},\"query-input\":{\"@type\":\"PropertyValueSpecification\",\"valueRequired\":true,\"valueName\":\"search_term_string\"}}],\"inLanguage\":\"tr\"}]}<\/script>\n<!-- \/ Yoast SEO Premium plugin. -->","yoast_head_json":{"title":"Bas\u0131n\u00e7l\u0131 d\u00f6k\u00fcm hizmetleri | Xometry T\u00fcrkiye","description":"Al\u00fcminyum ala\u015f\u0131mlar\u0131 i\u00e7in online bas\u0131n\u00e7l\u0131 d\u00f6k\u00fcm hizmetleri. CAD dosyalar\u0131n\u0131z\u0131 y\u00fckleyin ve bas\u0131n\u00e7l\u0131 d\u00f6k\u00fcm par\u00e7alar\u0131n\u0131z i\u00e7in fiyat teklifi al\u0131n.","robots":{"index":"noindex","follow":"follow","max-snippet":"max-snippet:-1","max-image-preview":"max-image-preview:large","max-video-preview":"max-video-preview:-1"},"og_locale":"tr_TR","og_type":"article","og_title":"Bas\u0131n\u00e7l\u0131 D\u00f6k\u00fcm | Aluminium Alloys | Xometry T\u00fcrkiye","og_description":"Die casting services online for aluminium alloys. Upload your CAD files and get an instant quote for your die cast parts. High volume manufacturing service for metal parts.","og_url":"https:\/\/staging-wp.xometry.com.tr\/tr\/basincli-dokum\/","og_site_name":"Xometry T\u00fcrkiye","article_modified_time":"2026-02-04T14:35:28+00:00","og_image":[{"url":"http:\/\/staging-wp.xometry.eu\/wp-content\/uploads\/2023\/02\/EN-Die-Casting-service-page-1440x737.jpg","type":"","width":"","height":""}],"twitter_card":"summary_large_image","twitter_title":"Bas\u0131n\u00e7l\u0131 D\u00f6k\u00fcm | Aluminium Alloys | Xometry T\u00fcrkiye","twitter_description":"Die casting services online for aluminium alloys. Upload your CAD files and get an instant quote for your die cast parts. High volume manufacturing service for metal parts.","schema":{"@context":"https:\/\/schema.org","@graph":[{"@type":"WebPage","@id":"https:\/\/staging-wp.xometry.com.tr\/tr\/basincli-dokum\/","url":"https:\/\/staging-wp.xometry.com.tr\/tr\/basincli-dokum\/","name":"Bas\u0131n\u00e7l\u0131 d\u00f6k\u00fcm hizmetleri | Xometry T\u00fcrkiye","isPartOf":{"@id":"https:\/\/staging-wp.xometry.com.tr\/tr\/#website"},"primaryImageOfPage":{"@id":"https:\/\/staging-wp.xometry.com.tr\/tr\/basincli-dokum\/#primaryimage"},"image":{"@id":"https:\/\/staging-wp.xometry.com.tr\/tr\/basincli-dokum\/#primaryimage"},"thumbnailUrl":"https:\/\/staging-wp.xometry.com.tr\/wp-content\/uploads\/sites\/3\/2024\/02\/TR-Die-Casting-service-page-1.jpg","datePublished":"2023-11-03T13:17:20+00:00","dateModified":"2026-02-04T14:35:28+00:00","description":"Al\u00fcminyum ala\u015f\u0131mlar\u0131 i\u00e7in online bas\u0131n\u00e7l\u0131 d\u00f6k\u00fcm hizmetleri. CAD dosyalar\u0131n\u0131z\u0131 y\u00fckleyin ve bas\u0131n\u00e7l\u0131 d\u00f6k\u00fcm par\u00e7alar\u0131n\u0131z i\u00e7in fiyat teklifi al\u0131n.","breadcrumb":{"@id":"https:\/\/staging-wp.xometry.com.tr\/tr\/basincli-dokum\/#breadcrumb"},"inLanguage":"tr","potentialAction":[{"@type":"ReadAction","target":["https:\/\/staging-wp.xometry.com.tr\/tr\/basincli-dokum\/"]}]},{"@type":"ImageObject","inLanguage":"tr","@id":"https:\/\/staging-wp.xometry.com.tr\/tr\/basincli-dokum\/#primaryimage","url":"https:\/\/staging-wp.xometry.com.tr\/wp-content\/uploads\/sites\/3\/2024\/02\/TR-Die-Casting-service-page-1.jpg","contentUrl":"https:\/\/staging-wp.xometry.com.tr\/wp-content\/uploads\/sites\/3\/2024\/02\/TR-Die-Casting-service-page-1.jpg","width":2400,"height":1229},{"@type":"BreadcrumbList","@id":"https:\/\/staging-wp.xometry.com.tr\/tr\/basincli-dokum\/#breadcrumb","itemListElement":[{"@type":"ListItem","position":1,"name":"Home","item":"https:\/\/staging-wp.xometry.com.tr\/tr\/"},{"@type":"ListItem","position":2,"name":"Bas\u0131n\u00e7l\u0131 D\u00f6k\u00fcm"}]},{"@type":"WebSite","@id":"https:\/\/staging-wp.xometry.com.tr\/tr\/#website","url":"https:\/\/staging-wp.xometry.com.tr\/tr\/","name":"Xometry T\u00fcrkiye","description":"","potentialAction":[{"@type":"SearchAction","target":{"@type":"EntryPoint","urlTemplate":"https:\/\/staging-wp.xometry.com.tr\/tr\/?s={search_term_string}"},"query-input":{"@type":"PropertyValueSpecification","valueRequired":true,"valueName":"search_term_string"}}],"inLanguage":"tr"}]}},"_links":{"self":[{"href":"https:\/\/staging-wp.xometry.com.tr\/tr\/wp-json\/wp\/v2\/pages\/28551","targetHints":{"allow":["GET"]}}],"collection":[{"href":"https:\/\/staging-wp.xometry.com.tr\/tr\/wp-json\/wp\/v2\/pages"}],"about":[{"href":"https:\/\/staging-wp.xometry.com.tr\/tr\/wp-json\/wp\/v2\/types\/page"}],"author":[{"embeddable":true,"href":"https:\/\/staging-wp.xometry.com.tr\/tr\/wp-json\/wp\/v2\/users\/11"}],"replies":[{"embeddable":true,"href":"https:\/\/staging-wp.xometry.com.tr\/tr\/wp-json\/wp\/v2\/comments?post=28551"}],"version-history":[{"count":58,"href":"https:\/\/staging-wp.xometry.com.tr\/tr\/wp-json\/wp\/v2\/pages\/28551\/revisions"}],"predecessor-version":[{"id":38299,"href":"https:\/\/staging-wp.xometry.com.tr\/tr\/wp-json\/wp\/v2\/pages\/28551\/revisions\/38299"}],"wp:featuredmedia":[{"embeddable":true,"href":"https:\/\/staging-wp.xometry.com.tr\/tr\/wp-json\/wp\/v2\/media\/30976"}],"wp:attachment":[{"href":"https:\/\/staging-wp.xometry.com.tr\/tr\/wp-json\/wp\/v2\/media?parent=28551"}],"curies":[{"name":"wp","href":"https:\/\/api.w.org\/{rel}","templated":true}]}}