{"id":3210,"date":"2023-01-16T13:23:24","date_gmt":"2023-01-16T13:23:24","guid":{"rendered":"http:\/\/staging_wp.staging-wp.xometry.com.tr\/landing\/"},"modified":"2026-03-16T11:05:44","modified_gmt":"2026-03-16T11:05:44","slug":"landing","status":"publish","type":"page","link":"https:\/\/staging-wp.xometry.com.tr\/tr\/","title":{"rendered":"Anasayfa"},"content":{"rendered":"\n<script type=\"application\/ld+json\" class=\"schemantra\">{\n    \"@context\": \"https:\/\/schema.org\",\n    \"@type\": \"Organization\",\n    \"@id\": \"Xometry T\u00fcrkiye\",\n    \"address\": \"Ye\u015filba\u011flar Mah. D 100 Bul. Pendik Pera Residence A Blok No: 20B Pendik \/ \u0130stanbul, T\u00fcrkiye\",\n    \"award\": \"ISO 9001:2015\",\n    \"description\": \"Xometry'nin (NASDAQ: XMTR) yapay zeka destekli platformu ve online hizmetler paketi, imalat sekt\u00f6r\u00fcn\u00fc h\u0131zla dijitalle\u015ftiriyor. Xometry, \u00fcreticilere i\u015flerini b\u00fcy\u00fctmek i\u00e7in ihtiya\u00e7 duyduklar\u0131 kritik kaynaklar\u0131 sa\u011fl\u0131yor ve m\u00fc\u015fterilerinin k\u00fcresel \u00fcretim kapasitesine eri\u015fmesini ve esnek tedarik zincirleri olu\u015fturmas\u0131n\u0131 kolayla\u015ft\u0131r\u0131yor.\",\n    \"email\": \"info@staging-wp.xometry.com.tr\",\n    \"legalName\": \"Xometry TR Teknoloji Anonim \u015eirketi\",\n    \"logo\": \"https:\/\/staging-wp.xometry.eu\/wp-content\/uploads\/2021\/12\/Logomark_Xometry_Blue-1.svg\",\n    \"name\": \"Xometry T\u00fcrkiye\",\n    \"sameAs\": \"[https:\/\/www.facebook.com\/xometryturkiye,https:\/\/www.linkedin.com\/company\/xometry-turkiye\/,https:\/\/www.youtube.com\/@Xometry-Turkiye,https:\/\/twitter.com\/XometryTR]\",\n    \"slogan\": \"Where Big Ideas are Built\",\n    \"telephone\": \"+90 (212) 221 0635\",\n    \"url\": \"https:\/\/staging-wp.xometry.com.tr\/tr\/\",\n    \"vatID\": \"8591218364\",\n    \"parentOrganization\": {\n        \"@context\": \"https:\/\/schema.org\",\n        \"@type\": \"Organization\",\n        \"@id\": \"Xometry\",\n        \"address\": \"6116 Executive Blvd, Ste. 800, North Bethesda, MD, 20852, United States of America\",\n        \"award\": \"[ITAR-registered,ISO 9001:2015,ISO 13485:2016,AS9100D]\",\n        \"description\": \"Xometry's (NASDAQ: XMTR) AI-powered marketplace, popular Thomasnet industrial sourcing platform and suite of cloud-based services are rapidly digitizing the $2.4 trillion manufacturing industry. Xometry provides manufacturers the critical resources they need to grow their business and makes it easy for buyers to access global manufacturing capacity and create locally resilient supply chains. The Xometry Instant Quoting Engine\u00ae leverages millions of pieces of data to quickly and effectively analyze complex parts in real-time, match buyers with the right suppliers globally and provide accurate pricing and lead times. Through its extensible marketplace, Xometry continuously scales its offerings, delivering an ever-expanding menu of manufacturing capabilities. Learn more at www.xometry.com or follow @xometry.\",\n        \"email\": \"support@xometry.com\",\n        \"legalName\": \"Xometry, Inc.\",\n        \"logo\": \"https:\/\/www.xometry.com\/condensed-wbib-logo.svg\",\n        \"name\": \"Xometry\",\n        \"sameAs\": \"[https:\/\/www.facebook.com\/xometry\/,https:\/\/www.linkedin.com\/company\/xometry,https:\/\/www.youtube.com\/@XometryHQ,https:\/\/twitter.com\/Xometry]\",\n        \"slogan\": \"Where Big Ideas are Built\",\n        \"telephone\": \"+1-800-983-1959\",\n        \"url\": \"https:\/\/www.xometry.com\"\n    }\n}<\/script>\n","protected":false},"excerpt":{"rendered":"","protected":false},"author":11,"featured_media":0,"parent":0,"menu_order":0,"comment_status":"closed","ping_status":"closed","template":"","meta":{"_acf_changed":false,"inline_featured_image":false,"footnotes":""},"class_list":["post-3210","page","type-page","status-publish","hentry"],"acf":[],"yoast_head":"<!-- This site is optimized with the Yoast SEO Premium plugin v20.5 (Yoast SEO v27.3) - https:\/\/yoast.com\/product\/yoast-seo-premium-wordpress\/ -->\n<title>Xometry T\u00fcrkiye \u2013 Online \u00dcretim Hizmeti: CNC, Sac Metal, 3D Bask\u0131<\/title>\n<meta name=\"description\" content=\"Xometry T\u00fcrkiye CNC i\u015fleme, 3D Bask\u0131, Sac Metal \u015eekillendirme ve Enjeksiyon Kal\u0131plama dahil 15+ teknolojisiyle online talebe \u00f6zel \u00fcretim hizmeti sunar.\" \/>\n<meta name=\"robots\" content=\"noindex, follow, max-snippet:-1, max-image-preview:large, max-video-preview:-1\" \/>\n<meta property=\"og:locale\" content=\"tr_TR\" \/>\n<meta property=\"og:type\" content=\"article\" \/>\n<meta property=\"og:title\" content=\"Xometry T\u00fcrkiye \u2013 Talebe \u00d6zel \u00dcretim Platformu: CNC \u0130\u015fleme, Sac Metal, 3D Bask\u0131\" \/>\n<meta property=\"og:description\" content=\"Xometry T\u00fcrkiye, CNC i\u015fleme, 3D Bask\u0131, Sac Metal \u015eekillendirme ve Enjeksiyon Kal\u0131plama teknolojileri y\u00fczlerce malzeme ve ard\u0131l i\u015flem kombinasyonu ile online talebe \u00f6zel \u00fcretim hizmetleri sunar.\" \/>\n<meta property=\"og:url\" content=\"https:\/\/staging-wp.xometry.com.tr\/tr\/\" \/>\n<meta property=\"og:site_name\" content=\"Xometry T\u00fcrkiye\" \/>\n<meta property=\"article:modified_time\" content=\"2026-03-16T11:05:44+00:00\" \/>\n<meta property=\"og:image\" content=\"https:\/\/staging-wp.xometry.com.tr\/wp-content\/uploads\/sites\/3\/2023\/09\/Homepage-1.jpg\" \/>\n\t<meta property=\"og:image:width\" content=\"1200\" \/>\n\t<meta property=\"og:image:height\" content=\"630\" \/>\n\t<meta property=\"og:image:type\" content=\"image\/jpeg\" \/>\n<meta name=\"twitter:card\" content=\"summary_large_image\" \/>\n<meta name=\"twitter:title\" content=\"Anasayfa Xometry T\u00fcrkiye \u2013 Online \u00dcretim Platformu: CNC \u0130\u015fleme, Sac Metal, 3D Bask\u0131\" \/>\n<meta name=\"twitter:description\" content=\"Xometry T\u00fcrkiye, CNC i\u015fleme, 3D Bask\u0131, Sac Metal \u015eekillendirme ve Enjeksiyon Kal\u0131plama teknolojileri y\u00fczlerce malzeme ve ard\u0131l i\u015flem kombinasyonu ile online talebe \u00f6zel \u00fcretim hizmetleri sunar.\" \/>\n<meta name=\"twitter:label1\" content=\"Tahmini okuma s\u00fcresi\" \/>\n\t<meta name=\"twitter:data1\" content=\"2 dakika\" \/>\n<script type=\"application\/ld+json\" class=\"yoast-schema-graph\">{\"@context\":\"https:\\\/\\\/schema.org\",\"@graph\":[{\"@type\":\"WebPage\",\"@id\":\"https:\\\/\\\/staging-wp.xometry.com.tr\\\/tr\\\/\",\"url\":\"https:\\\/\\\/staging-wp.xometry.com.tr\\\/tr\\\/\",\"name\":\"Xometry T\u00fcrkiye \u2013 Online \u00dcretim Hizmeti: CNC, Sac Metal, 3D Bask\u0131\",\"isPartOf\":{\"@id\":\"https:\\\/\\\/staging-wp.xometry.com.tr\\\/tr\\\/#website\"},\"datePublished\":\"2023-01-16T13:23:24+00:00\",\"dateModified\":\"2026-03-16T11:05:44+00:00\",\"description\":\"Xometry T\u00fcrkiye CNC i\u015fleme, 3D Bask\u0131, Sac Metal \u015eekillendirme ve Enjeksiyon Kal\u0131plama dahil 15+ teknolojisiyle online talebe \u00f6zel \u00fcretim hizmeti sunar.\",\"breadcrumb\":{\"@id\":\"https:\\\/\\\/staging-wp.xometry.com.tr\\\/tr\\\/#breadcrumb\"},\"inLanguage\":\"tr\",\"potentialAction\":[{\"@type\":\"ReadAction\",\"target\":[\"https:\\\/\\\/staging-wp.xometry.com.tr\\\/tr\\\/\"]}]},{\"@type\":\"BreadcrumbList\",\"@id\":\"https:\\\/\\\/staging-wp.xometry.com.tr\\\/tr\\\/#breadcrumb\",\"itemListElement\":[{\"@type\":\"ListItem\",\"position\":1,\"name\":\"Home\",\"item\":\"https:\\\/\\\/staging-wp.xometry.com.tr\\\/tr\\\/\"},{\"@type\":\"ListItem\",\"position\":2,\"name\":\"Anasayfa\"}]},{\"@type\":\"WebSite\",\"@id\":\"https:\\\/\\\/staging-wp.xometry.com.tr\\\/tr\\\/#website\",\"url\":\"https:\\\/\\\/staging-wp.xometry.com.tr\\\/tr\\\/\",\"name\":\"Xometry T\u00fcrkiye\",\"description\":\"\",\"potentialAction\":[{\"@type\":\"SearchAction\",\"target\":{\"@type\":\"EntryPoint\",\"urlTemplate\":\"https:\\\/\\\/staging-wp.xometry.com.tr\\\/tr\\\/?s={search_term_string}\"},\"query-input\":{\"@type\":\"PropertyValueSpecification\",\"valueRequired\":true,\"valueName\":\"search_term_string\"}}],\"inLanguage\":\"tr\"}]}<\/script>\n<!-- \/ Yoast SEO Premium plugin. -->","yoast_head_json":{"title":"Xometry T\u00fcrkiye \u2013 Online \u00dcretim Hizmeti: CNC, Sac Metal, 3D Bask\u0131","description":"Xometry T\u00fcrkiye CNC i\u015fleme, 3D Bask\u0131, Sac Metal \u015eekillendirme ve Enjeksiyon Kal\u0131plama dahil 15+ teknolojisiyle online talebe \u00f6zel \u00fcretim hizmeti sunar.","robots":{"index":"noindex","follow":"follow","max-snippet":"max-snippet:-1","max-image-preview":"max-image-preview:large","max-video-preview":"max-video-preview:-1"},"og_locale":"tr_TR","og_type":"article","og_title":"Xometry T\u00fcrkiye \u2013 Talebe \u00d6zel \u00dcretim Platformu: CNC \u0130\u015fleme, Sac Metal, 3D Bask\u0131","og_description":"Xometry T\u00fcrkiye, CNC i\u015fleme, 3D Bask\u0131, Sac Metal \u015eekillendirme ve Enjeksiyon Kal\u0131plama teknolojileri y\u00fczlerce malzeme ve ard\u0131l i\u015flem kombinasyonu ile online talebe \u00f6zel \u00fcretim hizmetleri sunar.","og_url":"https:\/\/staging-wp.xometry.com.tr\/tr\/","og_site_name":"Xometry T\u00fcrkiye","article_modified_time":"2026-03-16T11:05:44+00:00","og_image":[{"width":1200,"height":630,"url":"https:\/\/staging-wp.xometry.com.tr\/wp-content\/uploads\/sites\/3\/2023\/09\/Homepage-1.jpg","type":"image\/jpeg"}],"twitter_card":"summary_large_image","twitter_title":"Anasayfa Xometry T\u00fcrkiye \u2013 Online \u00dcretim Platformu: CNC \u0130\u015fleme, Sac Metal, 3D Bask\u0131","twitter_description":"Xometry T\u00fcrkiye, CNC i\u015fleme, 3D Bask\u0131, Sac Metal \u015eekillendirme ve Enjeksiyon Kal\u0131plama teknolojileri y\u00fczlerce malzeme ve ard\u0131l i\u015flem kombinasyonu ile online talebe \u00f6zel \u00fcretim hizmetleri sunar.","twitter_misc":{"Tahmini okuma s\u00fcresi":"2 dakika"},"schema":{"@context":"https:\/\/schema.org","@graph":[{"@type":"WebPage","@id":"https:\/\/staging-wp.xometry.com.tr\/tr\/","url":"https:\/\/staging-wp.xometry.com.tr\/tr\/","name":"Xometry T\u00fcrkiye \u2013 Online \u00dcretim Hizmeti: CNC, Sac Metal, 3D Bask\u0131","isPartOf":{"@id":"https:\/\/staging-wp.xometry.com.tr\/tr\/#website"},"datePublished":"2023-01-16T13:23:24+00:00","dateModified":"2026-03-16T11:05:44+00:00","description":"Xometry T\u00fcrkiye CNC i\u015fleme, 3D Bask\u0131, Sac Metal \u015eekillendirme ve Enjeksiyon Kal\u0131plama dahil 15+ teknolojisiyle online talebe \u00f6zel \u00fcretim hizmeti sunar.","breadcrumb":{"@id":"https:\/\/staging-wp.xometry.com.tr\/tr\/#breadcrumb"},"inLanguage":"tr","potentialAction":[{"@type":"ReadAction","target":["https:\/\/staging-wp.xometry.com.tr\/tr\/"]}]},{"@type":"BreadcrumbList","@id":"https:\/\/staging-wp.xometry.com.tr\/tr\/#breadcrumb","itemListElement":[{"@type":"ListItem","position":1,"name":"Home","item":"https:\/\/staging-wp.xometry.com.tr\/tr\/"},{"@type":"ListItem","position":2,"name":"Anasayfa"}]},{"@type":"WebSite","@id":"https:\/\/staging-wp.xometry.com.tr\/tr\/#website","url":"https:\/\/staging-wp.xometry.com.tr\/tr\/","name":"Xometry T\u00fcrkiye","description":"","potentialAction":[{"@type":"SearchAction","target":{"@type":"EntryPoint","urlTemplate":"https:\/\/staging-wp.xometry.com.tr\/tr\/?s={search_term_string}"},"query-input":{"@type":"PropertyValueSpecification","valueRequired":true,"valueName":"search_term_string"}}],"inLanguage":"tr"}]}},"_links":{"self":[{"href":"https:\/\/staging-wp.xometry.com.tr\/tr\/wp-json\/wp\/v2\/pages\/3210","targetHints":{"allow":["GET"]}}],"collection":[{"href":"https:\/\/staging-wp.xometry.com.tr\/tr\/wp-json\/wp\/v2\/pages"}],"about":[{"href":"https:\/\/staging-wp.xometry.com.tr\/tr\/wp-json\/wp\/v2\/types\/page"}],"author":[{"embeddable":true,"href":"https:\/\/staging-wp.xometry.com.tr\/tr\/wp-json\/wp\/v2\/users\/11"}],"replies":[{"embeddable":true,"href":"https:\/\/staging-wp.xometry.com.tr\/tr\/wp-json\/wp\/v2\/comments?post=3210"}],"version-history":[{"count":9,"href":"https:\/\/staging-wp.xometry.com.tr\/tr\/wp-json\/wp\/v2\/pages\/3210\/revisions"}],"predecessor-version":[{"id":38597,"href":"https:\/\/staging-wp.xometry.com.tr\/tr\/wp-json\/wp\/v2\/pages\/3210\/revisions\/38597"}],"wp:attachment":[{"href":"https:\/\/staging-wp.xometry.com.tr\/tr\/wp-json\/wp\/v2\/media?parent=3210"}],"curies":[{"name":"wp","href":"https:\/\/api.w.org\/{rel}","templated":true}]}}