{"id":35469,"date":"2024-12-19T13:17:02","date_gmt":"2024-12-19T13:17:02","guid":{"rendered":"https:\/\/staging-wp.xometry.com.tr\/?page_id=35469"},"modified":"2025-01-30T16:07:36","modified_gmt":"2025-01-30T16:07:36","slug":"kariyer","status":"publish","type":"page","link":"https:\/\/staging-wp.xometry.com.tr\/tr\/kariyer\/","title":{"rendered":"Kariyer"},"content":{"rendered":"","protected":false},"excerpt":{"rendered":"","protected":false},"author":10,"featured_media":0,"parent":0,"menu_order":0,"comment_status":"closed","ping_status":"closed","template":"","meta":{"_acf_changed":false,"inline_featured_image":false,"footnotes":""},"class_list":["post-35469","page","type-page","status-publish","hentry"],"acf":[],"yoast_head":"<!-- This site is optimized with the Yoast SEO Premium plugin v20.5 (Yoast SEO v27.3) - https:\/\/yoast.com\/product\/yoast-seo-premium-wordpress\/ -->\n<title>Kariyer ve \u0130\u015f Olanaklar\u0131 | Xometry T\u00fcrkiye<\/title>\n<meta name=\"description\" content=\"\u0130malat sekt\u00f6r\u00fcnde devrim yaratan d\u00fcnyan\u0131n en b\u00fcy\u00fck talebe \u00f6zel \u00fcretim platformu Xometry T\u00fcrkiye&#039;ye kat\u0131l\u0131n.\" \/>\n<meta name=\"robots\" content=\"noindex, follow, max-snippet:-1, max-image-preview:large, max-video-preview:-1\" \/>\n<meta property=\"og:locale\" content=\"tr_TR\" \/>\n<meta property=\"og:type\" content=\"article\" \/>\n<meta property=\"og:title\" content=\"Kariyer\" \/>\n<meta property=\"og:description\" content=\"\u0130malat sekt\u00f6r\u00fcnde devrim yaratan d\u00fcnyan\u0131n en b\u00fcy\u00fck talebe \u00f6zel \u00fcretim platformu Xometry T\u00fcrkiye&#039;ye kat\u0131l\u0131n.\" \/>\n<meta property=\"og:url\" content=\"https:\/\/staging-wp.xometry.com.tr\/tr\/kariyer\/\" \/>\n<meta property=\"og:site_name\" content=\"Xometry T\u00fcrkiye\" \/>\n<meta property=\"article:modified_time\" content=\"2025-01-30T16:07:36+00:00\" \/>\n<meta name=\"twitter:card\" content=\"summary_large_image\" \/>\n<script type=\"application\/ld+json\" class=\"yoast-schema-graph\">{\"@context\":\"https:\\\/\\\/schema.org\",\"@graph\":[{\"@type\":\"WebPage\",\"@id\":\"https:\\\/\\\/staging-wp.xometry.com.tr\\\/tr\\\/kariyer\\\/\",\"url\":\"https:\\\/\\\/staging-wp.xometry.com.tr\\\/tr\\\/kariyer\\\/\",\"name\":\"Kariyer ve \u0130\u015f Olanaklar\u0131 | Xometry T\u00fcrkiye\",\"isPartOf\":{\"@id\":\"https:\\\/\\\/staging-wp.xometry.com.tr\\\/tr\\\/#website\"},\"datePublished\":\"2024-12-19T13:17:02+00:00\",\"dateModified\":\"2025-01-30T16:07:36+00:00\",\"description\":\"\u0130malat sekt\u00f6r\u00fcnde devrim yaratan d\u00fcnyan\u0131n en b\u00fcy\u00fck talebe \u00f6zel \u00fcretim platformu Xometry T\u00fcrkiye'ye kat\u0131l\u0131n.\",\"breadcrumb\":{\"@id\":\"https:\\\/\\\/staging-wp.xometry.com.tr\\\/tr\\\/kariyer\\\/#breadcrumb\"},\"inLanguage\":\"tr\",\"potentialAction\":[{\"@type\":\"ReadAction\",\"target\":[\"https:\\\/\\\/staging-wp.xometry.com.tr\\\/tr\\\/kariyer\\\/\"]}]},{\"@type\":\"BreadcrumbList\",\"@id\":\"https:\\\/\\\/staging-wp.xometry.com.tr\\\/tr\\\/kariyer\\\/#breadcrumb\",\"itemListElement\":[{\"@type\":\"ListItem\",\"position\":1,\"name\":\"Home\",\"item\":\"https:\\\/\\\/staging-wp.xometry.com.tr\\\/tr\\\/\"},{\"@type\":\"ListItem\",\"position\":2,\"name\":\"Kariyer\"}]},{\"@type\":\"WebSite\",\"@id\":\"https:\\\/\\\/staging-wp.xometry.com.tr\\\/tr\\\/#website\",\"url\":\"https:\\\/\\\/staging-wp.xometry.com.tr\\\/tr\\\/\",\"name\":\"Xometry T\u00fcrkiye\",\"description\":\"\",\"potentialAction\":[{\"@type\":\"SearchAction\",\"target\":{\"@type\":\"EntryPoint\",\"urlTemplate\":\"https:\\\/\\\/staging-wp.xometry.com.tr\\\/tr\\\/?s={search_term_string}\"},\"query-input\":{\"@type\":\"PropertyValueSpecification\",\"valueRequired\":true,\"valueName\":\"search_term_string\"}}],\"inLanguage\":\"tr\"}]}<\/script>\n<!-- \/ Yoast SEO Premium plugin. -->","yoast_head_json":{"title":"Kariyer ve \u0130\u015f Olanaklar\u0131 | Xometry T\u00fcrkiye","description":"\u0130malat sekt\u00f6r\u00fcnde devrim yaratan d\u00fcnyan\u0131n en b\u00fcy\u00fck talebe \u00f6zel \u00fcretim platformu Xometry T\u00fcrkiye'ye kat\u0131l\u0131n.","robots":{"index":"noindex","follow":"follow","max-snippet":"max-snippet:-1","max-image-preview":"max-image-preview:large","max-video-preview":"max-video-preview:-1"},"og_locale":"tr_TR","og_type":"article","og_title":"Kariyer","og_description":"\u0130malat sekt\u00f6r\u00fcnde devrim yaratan d\u00fcnyan\u0131n en b\u00fcy\u00fck talebe \u00f6zel \u00fcretim platformu Xometry T\u00fcrkiye'ye kat\u0131l\u0131n.","og_url":"https:\/\/staging-wp.xometry.com.tr\/tr\/kariyer\/","og_site_name":"Xometry T\u00fcrkiye","article_modified_time":"2025-01-30T16:07:36+00:00","twitter_card":"summary_large_image","schema":{"@context":"https:\/\/schema.org","@graph":[{"@type":"WebPage","@id":"https:\/\/staging-wp.xometry.com.tr\/tr\/kariyer\/","url":"https:\/\/staging-wp.xometry.com.tr\/tr\/kariyer\/","name":"Kariyer ve \u0130\u015f Olanaklar\u0131 | Xometry T\u00fcrkiye","isPartOf":{"@id":"https:\/\/staging-wp.xometry.com.tr\/tr\/#website"},"datePublished":"2024-12-19T13:17:02+00:00","dateModified":"2025-01-30T16:07:36+00:00","description":"\u0130malat sekt\u00f6r\u00fcnde devrim yaratan d\u00fcnyan\u0131n en b\u00fcy\u00fck talebe \u00f6zel \u00fcretim platformu Xometry T\u00fcrkiye'ye kat\u0131l\u0131n.","breadcrumb":{"@id":"https:\/\/staging-wp.xometry.com.tr\/tr\/kariyer\/#breadcrumb"},"inLanguage":"tr","potentialAction":[{"@type":"ReadAction","target":["https:\/\/staging-wp.xometry.com.tr\/tr\/kariyer\/"]}]},{"@type":"BreadcrumbList","@id":"https:\/\/staging-wp.xometry.com.tr\/tr\/kariyer\/#breadcrumb","itemListElement":[{"@type":"ListItem","position":1,"name":"Home","item":"https:\/\/staging-wp.xometry.com.tr\/tr\/"},{"@type":"ListItem","position":2,"name":"Kariyer"}]},{"@type":"WebSite","@id":"https:\/\/staging-wp.xometry.com.tr\/tr\/#website","url":"https:\/\/staging-wp.xometry.com.tr\/tr\/","name":"Xometry T\u00fcrkiye","description":"","potentialAction":[{"@type":"SearchAction","target":{"@type":"EntryPoint","urlTemplate":"https:\/\/staging-wp.xometry.com.tr\/tr\/?s={search_term_string}"},"query-input":{"@type":"PropertyValueSpecification","valueRequired":true,"valueName":"search_term_string"}}],"inLanguage":"tr"}]}},"_links":{"self":[{"href":"https:\/\/staging-wp.xometry.com.tr\/tr\/wp-json\/wp\/v2\/pages\/35469","targetHints":{"allow":["GET"]}}],"collection":[{"href":"https:\/\/staging-wp.xometry.com.tr\/tr\/wp-json\/wp\/v2\/pages"}],"about":[{"href":"https:\/\/staging-wp.xometry.com.tr\/tr\/wp-json\/wp\/v2\/types\/page"}],"author":[{"embeddable":true,"href":"https:\/\/staging-wp.xometry.com.tr\/tr\/wp-json\/wp\/v2\/users\/10"}],"replies":[{"embeddable":true,"href":"https:\/\/staging-wp.xometry.com.tr\/tr\/wp-json\/wp\/v2\/comments?post=35469"}],"version-history":[{"count":22,"href":"https:\/\/staging-wp.xometry.com.tr\/tr\/wp-json\/wp\/v2\/pages\/35469\/revisions"}],"predecessor-version":[{"id":35966,"href":"https:\/\/staging-wp.xometry.com.tr\/tr\/wp-json\/wp\/v2\/pages\/35469\/revisions\/35966"}],"wp:attachment":[{"href":"https:\/\/staging-wp.xometry.com.tr\/tr\/wp-json\/wp\/v2\/media?parent=35469"}],"curies":[{"name":"wp","href":"https:\/\/api.w.org\/{rel}","templated":true}]}}