{"id":3961,"date":"2023-01-16T13:24:25","date_gmt":"2023-01-16T13:24:25","guid":{"rendered":"http:\/\/staging_wp.staging-wp.xometry.com.tr\/laser-cutting\/"},"modified":"2026-03-16T11:21:30","modified_gmt":"2026-03-16T11:21:30","slug":"lazer-kesim","status":"publish","type":"page","link":"https:\/\/staging-wp.xometry.com.tr\/tr\/lazer-kesim\/","title":{"rendered":"Lazer Kesim"},"content":{"rendered":"","protected":false},"excerpt":{"rendered":"","protected":false},"author":11,"featured_media":0,"parent":0,"menu_order":0,"comment_status":"closed","ping_status":"closed","template":"","meta":{"_acf_changed":false,"inline_featured_image":false,"footnotes":""},"class_list":["post-3961","page","type-page","status-publish","hentry"],"acf":[],"yoast_head":"<!-- This site is optimized with the Yoast SEO Premium plugin v20.5 (Yoast SEO v27.3) - https:\/\/yoast.com\/product\/yoast-seo-premium-wordpress\/ -->\n<title>Online Lazer Kesim Hizmeti | 7 G\u00fcnde \u00dcretim | Xometry T\u00fcrkiye<\/title>\n<meta name=\"description\" content=\"\u00c7elik, al\u00fcminyum ve paslanmaz \u00e7elik gibi malzemelerle, h\u0131zl\u0131 CNC metal lazer kesim ve sac metal \u015fekillendirme hizmetleri sunuyoruz.\" \/>\n<meta name=\"robots\" content=\"noindex, follow, max-snippet:-1, max-image-preview:large, max-video-preview:-1\" \/>\n<meta property=\"og:locale\" content=\"tr_TR\" \/>\n<meta property=\"og:type\" content=\"article\" \/>\n<meta property=\"og:title\" content=\"Online Lazer Kesim Hizmeti | Xometry T\u00fcrkiye\" \/>\n<meta property=\"og:description\" content=\"\u00c7elik, al\u00fcminyum ve paslanmaz \u00e7elik gibi malzemelerle metal lazer kesim ve sac \u015fekillendirme hizmetleri sunuyoruz. | Talebe \u00d6zel Online \u00dcretim Platformu\" \/>\n<meta property=\"og:url\" content=\"https:\/\/staging-wp.xometry.com.tr\/tr\/lazer-kesim\/\" \/>\n<meta property=\"og:site_name\" content=\"Xometry T\u00fcrkiye\" \/>\n<meta property=\"article:modified_time\" content=\"2026-03-16T11:21:30+00:00\" \/>\n<meta property=\"og:image\" content=\"https:\/\/staging-wp.xometry.com.tr\/wp-content\/uploads\/sites\/3\/2023\/09\/TR-Laser-cutting-service-page.jpg\" \/>\n\t<meta property=\"og:image:width\" content=\"2400\" \/>\n\t<meta property=\"og:image:height\" content=\"1230\" \/>\n\t<meta property=\"og:image:type\" content=\"image\/jpeg\" \/>\n<meta name=\"twitter:card\" content=\"summary_large_image\" \/>\n<meta name=\"twitter:title\" content=\"Online Lazer Kesim Hizmeti | Xometry T\u00fcrkiye\" \/>\n<meta name=\"twitter:description\" content=\"\u00c7elik, al\u00fcminyum ve paslanmaz \u00e7elik gibi malzemelerle metal lazer kesim ve sac \u015fekillendirme hizmetleri sunuyoruz. | Talebe \u00d6zel Online \u00dcretim Platformu\" \/>\n<meta name=\"twitter:image\" content=\"https:\/\/staging-wp.xometry.com.tr\/wp-content\/uploads\/sites\/3\/2023\/09\/TR-Laser-cutting-service-page.jpg\" \/>\n<script type=\"application\/ld+json\" class=\"yoast-schema-graph\">{\"@context\":\"https:\\\/\\\/schema.org\",\"@graph\":[{\"@type\":\"WebPage\",\"@id\":\"https:\\\/\\\/staging-wp.xometry.com.tr\\\/tr\\\/lazer-kesim\\\/\",\"url\":\"https:\\\/\\\/staging-wp.xometry.com.tr\\\/tr\\\/lazer-kesim\\\/\",\"name\":\"Online Lazer Kesim Hizmeti | 7 G\u00fcnde \u00dcretim | Xometry T\u00fcrkiye\",\"isPartOf\":{\"@id\":\"https:\\\/\\\/staging-wp.xometry.com.tr\\\/tr\\\/#website\"},\"datePublished\":\"2023-01-16T13:24:25+00:00\",\"dateModified\":\"2026-03-16T11:21:30+00:00\",\"description\":\"\u00c7elik, al\u00fcminyum ve paslanmaz \u00e7elik gibi malzemelerle, h\u0131zl\u0131 CNC metal lazer kesim ve sac metal \u015fekillendirme hizmetleri sunuyoruz.\",\"breadcrumb\":{\"@id\":\"https:\\\/\\\/staging-wp.xometry.com.tr\\\/tr\\\/lazer-kesim\\\/#breadcrumb\"},\"inLanguage\":\"tr\",\"potentialAction\":[{\"@type\":\"ReadAction\",\"target\":[\"https:\\\/\\\/staging-wp.xometry.com.tr\\\/tr\\\/lazer-kesim\\\/\"]}]},{\"@type\":\"BreadcrumbList\",\"@id\":\"https:\\\/\\\/staging-wp.xometry.com.tr\\\/tr\\\/lazer-kesim\\\/#breadcrumb\",\"itemListElement\":[{\"@type\":\"ListItem\",\"position\":1,\"name\":\"Home\",\"item\":\"https:\\\/\\\/staging-wp.xometry.com.tr\\\/tr\\\/\"},{\"@type\":\"ListItem\",\"position\":2,\"name\":\"Lazer Kesim\"}]},{\"@type\":\"WebSite\",\"@id\":\"https:\\\/\\\/staging-wp.xometry.com.tr\\\/tr\\\/#website\",\"url\":\"https:\\\/\\\/staging-wp.xometry.com.tr\\\/tr\\\/\",\"name\":\"Xometry T\u00fcrkiye\",\"description\":\"\",\"potentialAction\":[{\"@type\":\"SearchAction\",\"target\":{\"@type\":\"EntryPoint\",\"urlTemplate\":\"https:\\\/\\\/staging-wp.xometry.com.tr\\\/tr\\\/?s={search_term_string}\"},\"query-input\":{\"@type\":\"PropertyValueSpecification\",\"valueRequired\":true,\"valueName\":\"search_term_string\"}}],\"inLanguage\":\"tr\"}]}<\/script>\n<!-- \/ Yoast SEO Premium plugin. -->","yoast_head_json":{"title":"Online Lazer Kesim Hizmeti | 7 G\u00fcnde \u00dcretim | Xometry T\u00fcrkiye","description":"\u00c7elik, al\u00fcminyum ve paslanmaz \u00e7elik gibi malzemelerle, h\u0131zl\u0131 CNC metal lazer kesim ve sac metal \u015fekillendirme hizmetleri sunuyoruz.","robots":{"index":"noindex","follow":"follow","max-snippet":"max-snippet:-1","max-image-preview":"max-image-preview:large","max-video-preview":"max-video-preview:-1"},"og_locale":"tr_TR","og_type":"article","og_title":"Online Lazer Kesim Hizmeti | Xometry T\u00fcrkiye","og_description":"\u00c7elik, al\u00fcminyum ve paslanmaz \u00e7elik gibi malzemelerle metal lazer kesim ve sac \u015fekillendirme hizmetleri sunuyoruz. | Talebe \u00d6zel Online \u00dcretim Platformu","og_url":"https:\/\/staging-wp.xometry.com.tr\/tr\/lazer-kesim\/","og_site_name":"Xometry T\u00fcrkiye","article_modified_time":"2026-03-16T11:21:30+00:00","og_image":[{"width":2400,"height":1230,"url":"https:\/\/staging-wp.xometry.com.tr\/wp-content\/uploads\/sites\/3\/2023\/09\/TR-Laser-cutting-service-page.jpg","type":"image\/jpeg"}],"twitter_card":"summary_large_image","twitter_title":"Online Lazer Kesim Hizmeti | Xometry T\u00fcrkiye","twitter_description":"\u00c7elik, al\u00fcminyum ve paslanmaz \u00e7elik gibi malzemelerle metal lazer kesim ve sac \u015fekillendirme hizmetleri sunuyoruz. | Talebe \u00d6zel Online \u00dcretim Platformu","twitter_image":"https:\/\/staging-wp.xometry.com.tr\/wp-content\/uploads\/sites\/3\/2023\/09\/TR-Laser-cutting-service-page.jpg","schema":{"@context":"https:\/\/schema.org","@graph":[{"@type":"WebPage","@id":"https:\/\/staging-wp.xometry.com.tr\/tr\/lazer-kesim\/","url":"https:\/\/staging-wp.xometry.com.tr\/tr\/lazer-kesim\/","name":"Online Lazer Kesim Hizmeti | 7 G\u00fcnde \u00dcretim | Xometry T\u00fcrkiye","isPartOf":{"@id":"https:\/\/staging-wp.xometry.com.tr\/tr\/#website"},"datePublished":"2023-01-16T13:24:25+00:00","dateModified":"2026-03-16T11:21:30+00:00","description":"\u00c7elik, al\u00fcminyum ve paslanmaz \u00e7elik gibi malzemelerle, h\u0131zl\u0131 CNC metal lazer kesim ve sac metal \u015fekillendirme hizmetleri sunuyoruz.","breadcrumb":{"@id":"https:\/\/staging-wp.xometry.com.tr\/tr\/lazer-kesim\/#breadcrumb"},"inLanguage":"tr","potentialAction":[{"@type":"ReadAction","target":["https:\/\/staging-wp.xometry.com.tr\/tr\/lazer-kesim\/"]}]},{"@type":"BreadcrumbList","@id":"https:\/\/staging-wp.xometry.com.tr\/tr\/lazer-kesim\/#breadcrumb","itemListElement":[{"@type":"ListItem","position":1,"name":"Home","item":"https:\/\/staging-wp.xometry.com.tr\/tr\/"},{"@type":"ListItem","position":2,"name":"Lazer Kesim"}]},{"@type":"WebSite","@id":"https:\/\/staging-wp.xometry.com.tr\/tr\/#website","url":"https:\/\/staging-wp.xometry.com.tr\/tr\/","name":"Xometry T\u00fcrkiye","description":"","potentialAction":[{"@type":"SearchAction","target":{"@type":"EntryPoint","urlTemplate":"https:\/\/staging-wp.xometry.com.tr\/tr\/?s={search_term_string}"},"query-input":{"@type":"PropertyValueSpecification","valueRequired":true,"valueName":"search_term_string"}}],"inLanguage":"tr"}]}},"_links":{"self":[{"href":"https:\/\/staging-wp.xometry.com.tr\/tr\/wp-json\/wp\/v2\/pages\/3961","targetHints":{"allow":["GET"]}}],"collection":[{"href":"https:\/\/staging-wp.xometry.com.tr\/tr\/wp-json\/wp\/v2\/pages"}],"about":[{"href":"https:\/\/staging-wp.xometry.com.tr\/tr\/wp-json\/wp\/v2\/types\/page"}],"author":[{"embeddable":true,"href":"https:\/\/staging-wp.xometry.com.tr\/tr\/wp-json\/wp\/v2\/users\/11"}],"replies":[{"embeddable":true,"href":"https:\/\/staging-wp.xometry.com.tr\/tr\/wp-json\/wp\/v2\/comments?post=3961"}],"version-history":[{"count":9,"href":"https:\/\/staging-wp.xometry.com.tr\/tr\/wp-json\/wp\/v2\/pages\/3961\/revisions"}],"predecessor-version":[{"id":38611,"href":"https:\/\/staging-wp.xometry.com.tr\/tr\/wp-json\/wp\/v2\/pages\/3961\/revisions\/38611"}],"wp:attachment":[{"href":"https:\/\/staging-wp.xometry.com.tr\/tr\/wp-json\/wp\/v2\/media?parent=3961"}],"curies":[{"name":"wp","href":"https:\/\/api.w.org\/{rel}","templated":true}]}}