{"id":4183,"date":"2023-01-16T13:56:40","date_gmt":"2023-01-16T13:56:40","guid":{"rendered":"https:\/\/staging_wp.staging-wp.xometry.com.tr\/xometry-finishing-service\/"},"modified":"2026-03-16T12:51:50","modified_gmt":"2026-03-16T12:51:50","slug":"ardil-islem","status":"publish","type":"page","link":"https:\/\/staging-wp.xometry.com.tr\/tr\/ardil-islem\/","title":{"rendered":"Ard\u0131l \u0130\u015flem"},"content":{"rendered":"","protected":false},"excerpt":{"rendered":"","protected":false},"author":11,"featured_media":0,"parent":0,"menu_order":0,"comment_status":"closed","ping_status":"closed","template":"","meta":{"_acf_changed":false,"inline_featured_image":false,"footnotes":""},"class_list":["post-4183","page","type-page","status-publish","hentry"],"acf":[],"yoast_head":"<!-- This site is optimized with the Yoast SEO Premium plugin v20.5 (Yoast SEO v27.3) - https:\/\/yoast.com\/product\/yoast-seo-premium-wordpress\/ -->\n<title>Metal ve Plastik Par\u00e7alar\u0131n\u0131z i\u00e7in Ard\u0131l \u0130\u015flemler | Xometry T\u00fcrkiye<\/title>\n<meta name=\"description\" content=\"Xometry T\u00fcrkiye, CNC \u0130\u015fleme, Sac Metal, 3D Bask\u0131 gibi teknolojilerle \u00fcretilen par\u00e7alar\u0131n\u0131z i\u00e7in bir\u00e7ok ard\u0131l i\u015flem hizmeti sunar.\" \/>\n<meta name=\"robots\" content=\"noindex, follow, max-snippet:-1, max-image-preview:large, max-video-preview:-1\" \/>\n<meta property=\"og:locale\" content=\"tr_TR\" \/>\n<meta property=\"og:type\" content=\"article\" \/>\n<meta property=\"og:title\" content=\"Ard\u0131l \u0130\u015flem Hizmetleri | Xometry T\u00fcrkiye\" \/>\n<meta property=\"og:description\" content=\"Xometry T\u00fcrkiye, CNC \u0130\u015fleme, Sac Metal, 3D Bask\u0131 ve Enjeksiyon Kal\u0131plama gibi teknolojilerle \u00fcretilen par\u00e7alar\u0131n\u0131z i\u00e7in bir\u00e7ok ard\u0131l i\u015flem hizmeti sunar.\" \/>\n<meta property=\"og:url\" content=\"https:\/\/staging-wp.xometry.com.tr\/tr\/ardil-islem\/\" \/>\n<meta property=\"og:site_name\" content=\"Xometry T\u00fcrkiye\" \/>\n<meta property=\"article:modified_time\" content=\"2026-03-16T12:51:50+00:00\" \/>\n<meta property=\"og:image\" content=\"https:\/\/staging-wp.xometry.com.tr\/wp-content\/uploads\/sites\/3\/2023\/09\/TR-3D-printing-service-page-1.jpg\" \/>\n\t<meta property=\"og:image:width\" content=\"2400\" \/>\n\t<meta property=\"og:image:height\" content=\"1230\" \/>\n\t<meta property=\"og:image:type\" content=\"image\/jpeg\" \/>\n<meta name=\"twitter:card\" content=\"summary_large_image\" \/>\n<meta name=\"twitter:title\" content=\"Ard\u0131l \u0130\u015flem Hizmetleri | Xometry T\u00fcrkiye\" \/>\n<meta name=\"twitter:description\" content=\"Xometry T\u00fcrkiye, CNC \u0130\u015fleme, Sac Metal, 3D Bask\u0131 ve Enjeksiyon Kal\u0131plama gibi teknolojilerle \u00fcretilen par\u00e7alar\u0131n\u0131z i\u00e7in bir\u00e7ok ard\u0131l i\u015flem hizmeti sunar.\" \/>\n<script type=\"application\/ld+json\" class=\"yoast-schema-graph\">{\"@context\":\"https:\\\/\\\/schema.org\",\"@graph\":[{\"@type\":\"WebPage\",\"@id\":\"https:\\\/\\\/staging-wp.xometry.com.tr\\\/tr\\\/ardil-islem\\\/\",\"url\":\"https:\\\/\\\/staging-wp.xometry.com.tr\\\/tr\\\/ardil-islem\\\/\",\"name\":\"Metal ve Plastik Par\u00e7alar\u0131n\u0131z i\u00e7in Ard\u0131l \u0130\u015flemler | Xometry T\u00fcrkiye\",\"isPartOf\":{\"@id\":\"https:\\\/\\\/staging-wp.xometry.com.tr\\\/tr\\\/#website\"},\"datePublished\":\"2023-01-16T13:56:40+00:00\",\"dateModified\":\"2026-03-16T12:51:50+00:00\",\"description\":\"Xometry T\u00fcrkiye, CNC \u0130\u015fleme, Sac Metal, 3D Bask\u0131 gibi teknolojilerle \u00fcretilen par\u00e7alar\u0131n\u0131z i\u00e7in bir\u00e7ok ard\u0131l i\u015flem hizmeti sunar.\",\"breadcrumb\":{\"@id\":\"https:\\\/\\\/staging-wp.xometry.com.tr\\\/tr\\\/ardil-islem\\\/#breadcrumb\"},\"inLanguage\":\"tr\",\"potentialAction\":[{\"@type\":\"ReadAction\",\"target\":[\"https:\\\/\\\/staging-wp.xometry.com.tr\\\/tr\\\/ardil-islem\\\/\"]}]},{\"@type\":\"BreadcrumbList\",\"@id\":\"https:\\\/\\\/staging-wp.xometry.com.tr\\\/tr\\\/ardil-islem\\\/#breadcrumb\",\"itemListElement\":[{\"@type\":\"ListItem\",\"position\":1,\"name\":\"Home\",\"item\":\"https:\\\/\\\/staging-wp.xometry.com.tr\\\/tr\\\/\"},{\"@type\":\"ListItem\",\"position\":2,\"name\":\"Ard\u0131l \u0130\u015flem\"}]},{\"@type\":\"WebSite\",\"@id\":\"https:\\\/\\\/staging-wp.xometry.com.tr\\\/tr\\\/#website\",\"url\":\"https:\\\/\\\/staging-wp.xometry.com.tr\\\/tr\\\/\",\"name\":\"Xometry T\u00fcrkiye\",\"description\":\"\",\"potentialAction\":[{\"@type\":\"SearchAction\",\"target\":{\"@type\":\"EntryPoint\",\"urlTemplate\":\"https:\\\/\\\/staging-wp.xometry.com.tr\\\/tr\\\/?s={search_term_string}\"},\"query-input\":{\"@type\":\"PropertyValueSpecification\",\"valueRequired\":true,\"valueName\":\"search_term_string\"}}],\"inLanguage\":\"tr\"}]}<\/script>\n<!-- \/ Yoast SEO Premium plugin. -->","yoast_head_json":{"title":"Metal ve Plastik Par\u00e7alar\u0131n\u0131z i\u00e7in Ard\u0131l \u0130\u015flemler | Xometry T\u00fcrkiye","description":"Xometry T\u00fcrkiye, CNC \u0130\u015fleme, Sac Metal, 3D Bask\u0131 gibi teknolojilerle \u00fcretilen par\u00e7alar\u0131n\u0131z i\u00e7in bir\u00e7ok ard\u0131l i\u015flem hizmeti sunar.","robots":{"index":"noindex","follow":"follow","max-snippet":"max-snippet:-1","max-image-preview":"max-image-preview:large","max-video-preview":"max-video-preview:-1"},"og_locale":"tr_TR","og_type":"article","og_title":"Ard\u0131l \u0130\u015flem Hizmetleri | Xometry T\u00fcrkiye","og_description":"Xometry T\u00fcrkiye, CNC \u0130\u015fleme, Sac Metal, 3D Bask\u0131 ve Enjeksiyon Kal\u0131plama gibi teknolojilerle \u00fcretilen par\u00e7alar\u0131n\u0131z i\u00e7in bir\u00e7ok ard\u0131l i\u015flem hizmeti sunar.","og_url":"https:\/\/staging-wp.xometry.com.tr\/tr\/ardil-islem\/","og_site_name":"Xometry T\u00fcrkiye","article_modified_time":"2026-03-16T12:51:50+00:00","og_image":[{"width":2400,"height":1230,"url":"https:\/\/staging-wp.xometry.com.tr\/wp-content\/uploads\/sites\/3\/2023\/09\/TR-3D-printing-service-page-1.jpg","type":"image\/jpeg"}],"twitter_card":"summary_large_image","twitter_title":"Ard\u0131l \u0130\u015flem Hizmetleri | Xometry T\u00fcrkiye","twitter_description":"Xometry T\u00fcrkiye, CNC \u0130\u015fleme, Sac Metal, 3D Bask\u0131 ve Enjeksiyon Kal\u0131plama gibi teknolojilerle \u00fcretilen par\u00e7alar\u0131n\u0131z i\u00e7in bir\u00e7ok ard\u0131l i\u015flem hizmeti sunar.","schema":{"@context":"https:\/\/schema.org","@graph":[{"@type":"WebPage","@id":"https:\/\/staging-wp.xometry.com.tr\/tr\/ardil-islem\/","url":"https:\/\/staging-wp.xometry.com.tr\/tr\/ardil-islem\/","name":"Metal ve Plastik Par\u00e7alar\u0131n\u0131z i\u00e7in Ard\u0131l \u0130\u015flemler | Xometry T\u00fcrkiye","isPartOf":{"@id":"https:\/\/staging-wp.xometry.com.tr\/tr\/#website"},"datePublished":"2023-01-16T13:56:40+00:00","dateModified":"2026-03-16T12:51:50+00:00","description":"Xometry T\u00fcrkiye, CNC \u0130\u015fleme, Sac Metal, 3D Bask\u0131 gibi teknolojilerle \u00fcretilen par\u00e7alar\u0131n\u0131z i\u00e7in bir\u00e7ok ard\u0131l i\u015flem hizmeti sunar.","breadcrumb":{"@id":"https:\/\/staging-wp.xometry.com.tr\/tr\/ardil-islem\/#breadcrumb"},"inLanguage":"tr","potentialAction":[{"@type":"ReadAction","target":["https:\/\/staging-wp.xometry.com.tr\/tr\/ardil-islem\/"]}]},{"@type":"BreadcrumbList","@id":"https:\/\/staging-wp.xometry.com.tr\/tr\/ardil-islem\/#breadcrumb","itemListElement":[{"@type":"ListItem","position":1,"name":"Home","item":"https:\/\/staging-wp.xometry.com.tr\/tr\/"},{"@type":"ListItem","position":2,"name":"Ard\u0131l \u0130\u015flem"}]},{"@type":"WebSite","@id":"https:\/\/staging-wp.xometry.com.tr\/tr\/#website","url":"https:\/\/staging-wp.xometry.com.tr\/tr\/","name":"Xometry T\u00fcrkiye","description":"","potentialAction":[{"@type":"SearchAction","target":{"@type":"EntryPoint","urlTemplate":"https:\/\/staging-wp.xometry.com.tr\/tr\/?s={search_term_string}"},"query-input":{"@type":"PropertyValueSpecification","valueRequired":true,"valueName":"search_term_string"}}],"inLanguage":"tr"}]}},"_links":{"self":[{"href":"https:\/\/staging-wp.xometry.com.tr\/tr\/wp-json\/wp\/v2\/pages\/4183","targetHints":{"allow":["GET"]}}],"collection":[{"href":"https:\/\/staging-wp.xometry.com.tr\/tr\/wp-json\/wp\/v2\/pages"}],"about":[{"href":"https:\/\/staging-wp.xometry.com.tr\/tr\/wp-json\/wp\/v2\/types\/page"}],"author":[{"embeddable":true,"href":"https:\/\/staging-wp.xometry.com.tr\/tr\/wp-json\/wp\/v2\/users\/11"}],"replies":[{"embeddable":true,"href":"https:\/\/staging-wp.xometry.com.tr\/tr\/wp-json\/wp\/v2\/comments?post=4183"}],"version-history":[{"count":10,"href":"https:\/\/staging-wp.xometry.com.tr\/tr\/wp-json\/wp\/v2\/pages\/4183\/revisions"}],"predecessor-version":[{"id":38629,"href":"https:\/\/staging-wp.xometry.com.tr\/tr\/wp-json\/wp\/v2\/pages\/4183\/revisions\/38629"}],"wp:attachment":[{"href":"https:\/\/staging-wp.xometry.com.tr\/tr\/wp-json\/wp\/v2\/media?parent=4183"}],"curies":[{"name":"wp","href":"https:\/\/api.w.org\/{rel}","templated":true}]}}